{"id":14,"date":"2024-09-06T13:40:33","date_gmt":"2024-09-06T16:40:33","guid":{"rendered":"https:\/\/touaregsegurospb.com.br\/?page_id=14"},"modified":"2024-11-24T20:42:23","modified_gmt":"2024-11-24T23:42:23","slug":"contato","status":"publish","type":"page","link":"https:\/\/touaregsegurospb.com.br\/?page_id=14","title":{"rendered":"Contato"},"content":{"rendered":"\t\t<div data-elementor-type=\"wp-page\" data-elementor-id=\"14\" class=\"elementor elementor-14\" data-elementor-post-type=\"page\">\n\t\t\t\t<div class=\"elementor-element elementor-element-bd6ea63 e-flex e-con-boxed e-con e-parent\" data-id=\"bd6ea63\" data-element_type=\"container\" data-e-type=\"container\">\n\t\t\t\t\t<div class=\"e-con-inner\">\n\t\t<div class=\"elementor-element elementor-element-f28840d e-grid e-con-full e-con e-child\" data-id=\"f28840d\" data-element_type=\"container\" data-e-type=\"container\">\n\t\t<div class=\"elementor-element elementor-element-2938392 e-con-full e-flex e-con e-child\" data-id=\"2938392\" data-element_type=\"container\" data-e-type=\"container\" data-settings=\"{&quot;background_background&quot;:&quot;classic&quot;}\">\n\t\t\t\t<div class=\"elementor-element elementor-element-4b2464b elementor-widget__width-initial elementor-position-top elementor-widget elementor-widget-image-box\" data-id=\"4b2464b\" data-element_type=\"widget\" data-e-type=\"widget\" data-widget_type=\"image-box.default\">\n\t\t\t\t<div class=\"elementor-widget-container\">\n\t\t\t\t\t<div class=\"elementor-image-box-wrapper\"><figure class=\"elementor-image-box-img\"><img fetchpriority=\"high\" decoding=\"async\" width=\"502\" height=\"503\" src=\"https:\/\/touaregsegurospb.com.br\/wp-content\/uploads\/2024\/09\/logo01-2.png\" class=\"attachment-full size-full wp-image-797\" alt=\"\" \/><\/figure><div class=\"elementor-image-box-content\"><h3 class=\"elementor-image-box-title\">ENTRAR EM CONTATO<\/h3><p class=\"elementor-image-box-description\">N\u00e3o hesite em fazer uma pergunta.<\/p><\/div><\/div>\t\t\t\t<\/div>\n\t\t\t\t<\/div>\n\t\t\t\t<div class=\"elementor-element elementor-element-1142d0e elementor-widget__width-initial elementor-widget-mobile__width-inherit elementor-button-align-stretch elementor-widget elementor-widget-form\" data-id=\"1142d0e\" data-element_type=\"widget\" data-e-type=\"widget\" data-settings=\"{&quot;step_next_label&quot;:&quot;Pr\\u00f3ximo&quot;,&quot;step_previous_label&quot;:&quot;Anterior&quot;,&quot;button_width&quot;:&quot;100&quot;,&quot;step_type&quot;:&quot;number_text&quot;,&quot;step_icon_shape&quot;:&quot;circle&quot;}\" data-widget_type=\"form.default\">\n\t\t\t\t<div class=\"elementor-widget-container\">\n\t\t\t\t\t\t\t<form class=\"elementor-form\" method=\"post\" name=\"Novo formul\u00e1rio\" aria-label=\"Novo formul\u00e1rio\">\n\t\t\t<input type=\"hidden\" name=\"post_id\" value=\"14\"\/>\n\t\t\t<input type=\"hidden\" name=\"form_id\" value=\"1142d0e\"\/>\n\t\t\t<input type=\"hidden\" name=\"referer_title\" value=\"Contato - Touareg Seguros\" \/>\n\n\t\t\t\t\t\t\t<input type=\"hidden\" name=\"queried_id\" value=\"14\"\/>\n\t\t\t\n\t\t\t<div class=\"elementor-form-fields-wrapper elementor-labels-\">\n\t\t\t\t\t\t\t\t<div class=\"elementor-field-type-text elementor-field-group elementor-column elementor-field-group-nome elementor-col-100 elementor-field-required\">\n\t\t\t\t\t\t\t\t\t\t\t\t<label for=\"form-field-nome\" class=\"elementor-field-label elementor-screen-only\">\n\t\t\t\t\t\t\t\tNome\t\t\t\t\t\t\t<\/label>\n\t\t\t\t\t\t\t\t\t\t\t\t\t\t<input size=\"1\" type=\"text\" name=\"form_fields[nome]\" id=\"form-field-nome\" class=\"elementor-field elementor-size-md  elementor-field-textual\" placeholder=\"Seu nome\" required=\"required\">\n\t\t\t\t\t\t\t\t\t\t\t<\/div>\n\t\t\t\t\t\t\t\t<div class=\"elementor-field-type-email elementor-field-group elementor-column elementor-field-group-field_902e994 elementor-col-100 elementor-field-required\">\n\t\t\t\t\t\t\t\t\t\t\t\t<label for=\"form-field-field_902e994\" class=\"elementor-field-label elementor-screen-only\">\n\t\t\t\t\t\t\t\tE-mail\t\t\t\t\t\t\t<\/label>\n\t\t\t\t\t\t\t\t\t\t\t\t\t\t<input size=\"1\" type=\"email\" name=\"form_fields[field_902e994]\" id=\"form-field-field_902e994\" class=\"elementor-field elementor-size-md  elementor-field-textual\" placeholder=\"Seu melhor e-mail\" required=\"required\">\n\t\t\t\t\t\t\t\t\t\t\t<\/div>\n\t\t\t\t\t\t\t\t<div class=\"elementor-field-group elementor-column elementor-field-type-submit elementor-col-100 e-form__buttons\">\n\t\t\t\t\t<button class=\"elementor-button elementor-size-md\" type=\"submit\">\n\t\t\t\t\t\t<span class=\"elementor-button-content-wrapper\">\n\t\t\t\t\t\t\t\t\t\t\t\t\t\t\t<span class=\"elementor-button-icon\">\n\t\t\t\t\t\t\t\t\t<svg aria-hidden=\"true\" class=\"e-font-icon-svg e-fas-angle-right\" viewBox=\"0 0 256 512\" xmlns=\"http:\/\/www.w3.org\/2000\/svg\"><path d=\"M224.3 273l-136 136c-9.4 9.4-24.6 9.4-33.9 0l-22.6-22.6c-9.4-9.4-9.4-24.6 0-33.9l96.4-96.4-96.4-96.4c-9.4-9.4-9.4-24.6 0-33.9L54.3 103c9.4-9.4 24.6-9.4 33.9 0l136 136c9.5 9.4 9.5 24.6.1 34z\"><\/path><\/svg>\t\t\t\t\t\t\t\t\t\t\t\t\t\t\t\t\t<\/span>\n\t\t\t\t\t\t\t\t\t\t\t\t\t\t\t\t\t\t\t\t\t\t<span class=\"elementor-button-text\">Enviar<\/span>\n\t\t\t\t\t\t\t\t\t\t\t\t\t<\/span>\n\t\t\t\t\t<\/button>\n\t\t\t\t<\/div>\n\t\t\t<\/div>\n\t\t<\/form>\n\t\t\t\t\t\t<\/div>\n\t\t\t\t<\/div>\n\t\t<div class=\"elementor-element elementor-element-8f566fa e-con-full e-flex e-con e-child\" data-id=\"8f566fa\" data-element_type=\"container\" data-e-type=\"container\">\n\t\t\t\t<\/div>\n\t\t\t\t<\/div>\n\t\t<div class=\"elementor-element elementor-element-d2b5f2c e-con-full e-flex e-con e-child\" data-id=\"d2b5f2c\" data-element_type=\"container\" data-e-type=\"container\">\n\t\t<div class=\"elementor-element elementor-element-30118c0 e-con-full e-transform e-flex e-con e-child\" data-id=\"30118c0\" data-element_type=\"container\" data-e-type=\"container\" data-settings=\"{&quot;background_background&quot;:&quot;gradient&quot;,&quot;_transform_scale_effect&quot;:{&quot;unit&quot;:&quot;px&quot;,&quot;size&quot;:&quot;&quot;,&quot;sizes&quot;:[]},&quot;_transform_scale_effect_tablet&quot;:{&quot;unit&quot;:&quot;px&quot;,&quot;size&quot;:&quot;&quot;,&quot;sizes&quot;:[]},&quot;_transform_scale_effect_mobile&quot;:{&quot;unit&quot;:&quot;px&quot;,&quot;size&quot;:&quot;&quot;,&quot;sizes&quot;:[]}}\">\n\t\t\t\t<div class=\"elementor-element elementor-element-4219278 scroll-right elementor-widget-tablet__width-initial elementor-widget elementor-widget-icon-box\" data-id=\"4219278\" data-element_type=\"widget\" data-e-type=\"widget\" data-widget_type=\"icon-box.default\">\n\t\t\t\t<div class=\"elementor-widget-container\">\n\t\t\t\t\t\t\t<div class=\"elementor-icon-box-wrapper\">\n\n\t\t\t\n\t\t\t\t\t\t<div class=\"elementor-icon-box-content\">\n\n\t\t\t\t\t\t\t\t\t<h3 class=\"elementor-icon-box-title\">\n\t\t\t\t\t\t<span  >\n\t\t\t\t\t\t\tContato\t\t\t\t\t\t<\/span>\n\t\t\t\t\t<\/h3>\n\t\t\t\t\n\t\t\t\t\t\t\t\t\t<p class=\"elementor-icon-box-description\">\n\t\t\t\t\t\t(83)9 9961.8888\t\t\t\t\t<\/p>\n\t\t\t\t\n\t\t\t<\/div>\n\t\t\t\n\t\t<\/div>\n\t\t\t\t\t\t<\/div>\n\t\t\t\t<\/div>\n\t\t\t\t<div class=\"elementor-element elementor-element-eb721f8 elementor-align-justify elementor-widget__width-inherit elementor-widget elementor-widget-button\" data-id=\"eb721f8\" data-element_type=\"widget\" data-e-type=\"widget\" data-widget_type=\"button.default\">\n\t\t\t\t<div class=\"elementor-widget-container\">\n\t\t\t\t\t\t\t\t\t<div class=\"elementor-button-wrapper\">\n\t\t\t\t\t<a class=\"elementor-button elementor-button-link elementor-size-sm\" href=\"https:\/\/contate.me\/touaregcampinagrande\" target=\"_blank\">\n\t\t\t\t\t\t<span class=\"elementor-button-content-wrapper\">\n\t\t\t\t\t\t\t\t\t<span class=\"elementor-button-text\">WhatsApp<\/span>\n\t\t\t\t\t<\/span>\n\t\t\t\t\t<\/a>\n\t\t\t\t<\/div>\n\t\t\t\t\t\t\t\t<\/div>\n\t\t\t\t<\/div>\n\t\t\t\t<div class=\"elementor-element elementor-element-1ce2f49 scroll-right elementor-widget-tablet__width-initial elementor-widget elementor-widget-icon-box\" data-id=\"1ce2f49\" data-element_type=\"widget\" data-e-type=\"widget\" data-widget_type=\"icon-box.default\">\n\t\t\t\t<div class=\"elementor-widget-container\">\n\t\t\t\t\t\t\t<div class=\"elementor-icon-box-wrapper\">\n\n\t\t\t\n\t\t\t\t\t\t<div class=\"elementor-icon-box-content\">\n\n\t\t\t\t\n\t\t\t\t\t\t\t\t\t<p class=\"elementor-icon-box-description\">\n\t\t\t\t\t\tUm de nossos especialistas entrar\u00e1 em contato o mais breve poss\u00edvel\u201d\t\t\t\t\t<\/p>\n\t\t\t\t\n\t\t\t<\/div>\n\t\t\t\n\t\t<\/div>\n\t\t\t\t\t\t<\/div>\n\t\t\t\t<\/div>\n\t\t\t\t<div class=\"elementor-element elementor-element-1cda934 scroll-right elementor-widget-tablet__width-initial elementor-widget elementor-widget-icon-box\" data-id=\"1cda934\" data-element_type=\"widget\" data-e-type=\"widget\" data-widget_type=\"icon-box.default\">\n\t\t\t\t<div class=\"elementor-widget-container\">\n\t\t\t\t\t\t\t<div class=\"elementor-icon-box-wrapper\">\n\n\t\t\t\n\t\t\t\t\t\t<div class=\"elementor-icon-box-content\">\n\n\t\t\t\t\n\t\t\t\t\t\t\t\t\t<p class=\"elementor-icon-box-description\">\n\t\t\t\t\t\tHor\u00e1rio 8:00 \u2013 17:00  Segunda a Sexta-feira\t\t\t\t\t<\/p>\n\t\t\t\t\n\t\t\t<\/div>\n\t\t\t\n\t\t<\/div>\n\t\t\t\t\t\t<\/div>\n\t\t\t\t<\/div>\n\t\t\t\t<\/div>\n\t\t\t\t<\/div>\n\t\t\t\t<\/div>\n\t\t\t\t\t<\/div>\n\t\t\t\t<\/div>\n\t\t\t\t<\/div>\n\t\t","protected":false},"excerpt":{"rendered":"<p>ENTRAR EM CONTATO N\u00e3o hesite em fazer uma pergunta. Contato (83)9 9961.8888 WhatsApp Um de nossos especialistas entrar\u00e1 em contato o mais breve poss\u00edvel\u201d Hor\u00e1rio 8:00 \u2013 17:00 Segunda a Sexta-feira<\/p>\n","protected":false},"author":1,"featured_media":0,"parent":0,"menu_order":0,"comment_status":"closed","ping_status":"closed","template":"page-templates\/template-pagebuilder-full-width.php","meta":{"neve_meta_sidebar":"","neve_meta_container":"","neve_meta_enable_content_width":"","neve_meta_content_width":0,"neve_meta_title_alignment":"","neve_meta_author_avatar":"","neve_post_elements_order":"","neve_meta_disable_header":"","neve_meta_disable_footer":"","neve_meta_disable_title":"","neve_meta_reading_time":"","footnotes":""},"class_list":["post-14","page","type-page","status-publish","hentry"],"yoast_head":"<!-- This site is optimized with the Yoast SEO Premium plugin v25.9 (Yoast SEO v27.3) - https:\/\/yoast.com\/product\/yoast-seo-premium-wordpress\/ -->\n<title>Contato - Touareg Seguros<\/title>\n<meta name=\"robots\" content=\"index, follow, max-snippet:-1, max-image-preview:large, max-video-preview:-1\" \/>\n<link rel=\"canonical\" href=\"https:\/\/touaregsegurospb.com.br\/?page_id=14\" \/>\n<meta property=\"og:locale\" content=\"pt_BR\" \/>\n<meta property=\"og:type\" content=\"article\" \/>\n<meta property=\"og:title\" content=\"Contato\" \/>\n<meta property=\"og:description\" content=\"ENTRAR EM CONTATO N\u00e3o hesite em fazer uma pergunta. Contato (83)9 9961.8888 WhatsApp Um de nossos especialistas entrar\u00e1 em contato o mais breve poss\u00edvel\u201d Hor\u00e1rio 8:00 \u2013 17:00 Segunda a Sexta-feira\" \/>\n<meta property=\"og:url\" content=\"https:\/\/touaregsegurospb.com.br\/?page_id=14\" \/>\n<meta property=\"og:site_name\" content=\"Touareg Seguros\" \/>\n<meta property=\"article:modified_time\" content=\"2024-11-24T23:42:23+00:00\" \/>\n<meta property=\"og:image\" content=\"https:\/\/touaregsegurospb.com.br\/wp-content\/uploads\/2024\/09\/logo01-2.png\" \/>\n\t<meta property=\"og:image:width\" content=\"502\" \/>\n\t<meta property=\"og:image:height\" content=\"503\" \/>\n\t<meta property=\"og:image:type\" content=\"image\/png\" \/>\n<meta name=\"twitter:card\" content=\"summary_large_image\" \/>\n<meta name=\"twitter:label1\" content=\"Est. tempo de leitura\" \/>\n\t<meta name=\"twitter:data1\" content=\"1 minuto\" \/>\n<script type=\"application\/ld+json\" class=\"yoast-schema-graph\">{\"@context\":\"https:\\\/\\\/schema.org\",\"@graph\":[{\"@type\":\"WebPage\",\"@id\":\"https:\\\/\\\/touaregsegurospb.com.br\\\/?page_id=14\",\"url\":\"https:\\\/\\\/touaregsegurospb.com.br\\\/?page_id=14\",\"name\":\"Contato - Touareg Seguros\",\"isPartOf\":{\"@id\":\"https:\\\/\\\/touaregsegurospb.com.br\\\/#website\"},\"primaryImageOfPage\":{\"@id\":\"https:\\\/\\\/touaregsegurospb.com.br\\\/?page_id=14#primaryimage\"},\"image\":{\"@id\":\"https:\\\/\\\/touaregsegurospb.com.br\\\/?page_id=14#primaryimage\"},\"thumbnailUrl\":\"https:\\\/\\\/touaregsegurospb.com.br\\\/wp-content\\\/uploads\\\/2024\\\/09\\\/logo01-2.png\",\"datePublished\":\"2024-09-06T16:40:33+00:00\",\"dateModified\":\"2024-11-24T23:42:23+00:00\",\"breadcrumb\":{\"@id\":\"https:\\\/\\\/touaregsegurospb.com.br\\\/?page_id=14#breadcrumb\"},\"inLanguage\":\"pt-BR\",\"potentialAction\":[{\"@type\":\"ReadAction\",\"target\":[\"https:\\\/\\\/touaregsegurospb.com.br\\\/?page_id=14\"]}]},{\"@type\":\"ImageObject\",\"inLanguage\":\"pt-BR\",\"@id\":\"https:\\\/\\\/touaregsegurospb.com.br\\\/?page_id=14#primaryimage\",\"url\":\"https:\\\/\\\/touaregsegurospb.com.br\\\/wp-content\\\/uploads\\\/2024\\\/09\\\/logo01-2.png\",\"contentUrl\":\"https:\\\/\\\/touaregsegurospb.com.br\\\/wp-content\\\/uploads\\\/2024\\\/09\\\/logo01-2.png\",\"width\":502,\"height\":503},{\"@type\":\"BreadcrumbList\",\"@id\":\"https:\\\/\\\/touaregsegurospb.com.br\\\/?page_id=14#breadcrumb\",\"itemListElement\":[{\"@type\":\"ListItem\",\"position\":1,\"name\":\"Home\",\"item\":\"https:\\\/\\\/touaregsegurospb.com.br\\\/\"},{\"@type\":\"ListItem\",\"position\":2,\"name\":\"Contato\"}]},{\"@type\":\"WebSite\",\"@id\":\"https:\\\/\\\/touaregsegurospb.com.br\\\/#website\",\"url\":\"https:\\\/\\\/touaregsegurospb.com.br\\\/\",\"name\":\"Touareg Seguros\",\"description\":\"Aqui voc\u00ea estar\u00e1 seguro!\",\"publisher\":{\"@id\":\"https:\\\/\\\/touaregsegurospb.com.br\\\/#organization\"},\"potentialAction\":[{\"@type\":\"SearchAction\",\"target\":{\"@type\":\"EntryPoint\",\"urlTemplate\":\"https:\\\/\\\/touaregsegurospb.com.br\\\/?s={search_term_string}\"},\"query-input\":{\"@type\":\"PropertyValueSpecification\",\"valueRequired\":true,\"valueName\":\"search_term_string\"}}],\"inLanguage\":\"pt-BR\"},{\"@type\":\"Organization\",\"@id\":\"https:\\\/\\\/touaregsegurospb.com.br\\\/#organization\",\"name\":\"Touareg Seguros\",\"url\":\"https:\\\/\\\/touaregsegurospb.com.br\\\/\",\"logo\":{\"@type\":\"ImageObject\",\"inLanguage\":\"pt-BR\",\"@id\":\"https:\\\/\\\/touaregsegurospb.com.br\\\/#\\\/schema\\\/logo\\\/image\\\/\",\"url\":\"https:\\\/\\\/touaregsegurospb.com.br\\\/wp-content\\\/uploads\\\/2024\\\/09\\\/Vetorizacao-Touareg-site-1-2.png\",\"contentUrl\":\"https:\\\/\\\/touaregsegurospb.com.br\\\/wp-content\\\/uploads\\\/2024\\\/09\\\/Vetorizacao-Touareg-site-1-2.png\",\"width\":695,\"height\":181,\"caption\":\"Touareg Seguros\"},\"image\":{\"@id\":\"https:\\\/\\\/touaregsegurospb.com.br\\\/#\\\/schema\\\/logo\\\/image\\\/\"}}]}<\/script>\n<!-- \/ Yoast SEO Premium plugin. -->","yoast_head_json":{"title":"Contato - Touareg Seguros","robots":{"index":"index","follow":"follow","max-snippet":"max-snippet:-1","max-image-preview":"max-image-preview:large","max-video-preview":"max-video-preview:-1"},"canonical":"https:\/\/touaregsegurospb.com.br\/?page_id=14","og_locale":"pt_BR","og_type":"article","og_title":"Contato","og_description":"ENTRAR EM CONTATO N\u00e3o hesite em fazer uma pergunta. Contato (83)9 9961.8888 WhatsApp Um de nossos especialistas entrar\u00e1 em contato o mais breve poss\u00edvel\u201d Hor\u00e1rio 8:00 \u2013 17:00 Segunda a Sexta-feira","og_url":"https:\/\/touaregsegurospb.com.br\/?page_id=14","og_site_name":"Touareg Seguros","article_modified_time":"2024-11-24T23:42:23+00:00","og_image":[{"width":502,"height":503,"url":"https:\/\/touaregsegurospb.com.br\/wp-content\/uploads\/2024\/09\/logo01-2.png","type":"image\/png"}],"twitter_card":"summary_large_image","twitter_misc":{"Est. tempo de leitura":"1 minuto"},"schema":{"@context":"https:\/\/schema.org","@graph":[{"@type":"WebPage","@id":"https:\/\/touaregsegurospb.com.br\/?page_id=14","url":"https:\/\/touaregsegurospb.com.br\/?page_id=14","name":"Contato - Touareg Seguros","isPartOf":{"@id":"https:\/\/touaregsegurospb.com.br\/#website"},"primaryImageOfPage":{"@id":"https:\/\/touaregsegurospb.com.br\/?page_id=14#primaryimage"},"image":{"@id":"https:\/\/touaregsegurospb.com.br\/?page_id=14#primaryimage"},"thumbnailUrl":"https:\/\/touaregsegurospb.com.br\/wp-content\/uploads\/2024\/09\/logo01-2.png","datePublished":"2024-09-06T16:40:33+00:00","dateModified":"2024-11-24T23:42:23+00:00","breadcrumb":{"@id":"https:\/\/touaregsegurospb.com.br\/?page_id=14#breadcrumb"},"inLanguage":"pt-BR","potentialAction":[{"@type":"ReadAction","target":["https:\/\/touaregsegurospb.com.br\/?page_id=14"]}]},{"@type":"ImageObject","inLanguage":"pt-BR","@id":"https:\/\/touaregsegurospb.com.br\/?page_id=14#primaryimage","url":"https:\/\/touaregsegurospb.com.br\/wp-content\/uploads\/2024\/09\/logo01-2.png","contentUrl":"https:\/\/touaregsegurospb.com.br\/wp-content\/uploads\/2024\/09\/logo01-2.png","width":502,"height":503},{"@type":"BreadcrumbList","@id":"https:\/\/touaregsegurospb.com.br\/?page_id=14#breadcrumb","itemListElement":[{"@type":"ListItem","position":1,"name":"Home","item":"https:\/\/touaregsegurospb.com.br\/"},{"@type":"ListItem","position":2,"name":"Contato"}]},{"@type":"WebSite","@id":"https:\/\/touaregsegurospb.com.br\/#website","url":"https:\/\/touaregsegurospb.com.br\/","name":"Touareg Seguros","description":"Aqui voc\u00ea estar\u00e1 seguro!","publisher":{"@id":"https:\/\/touaregsegurospb.com.br\/#organization"},"potentialAction":[{"@type":"SearchAction","target":{"@type":"EntryPoint","urlTemplate":"https:\/\/touaregsegurospb.com.br\/?s={search_term_string}"},"query-input":{"@type":"PropertyValueSpecification","valueRequired":true,"valueName":"search_term_string"}}],"inLanguage":"pt-BR"},{"@type":"Organization","@id":"https:\/\/touaregsegurospb.com.br\/#organization","name":"Touareg Seguros","url":"https:\/\/touaregsegurospb.com.br\/","logo":{"@type":"ImageObject","inLanguage":"pt-BR","@id":"https:\/\/touaregsegurospb.com.br\/#\/schema\/logo\/image\/","url":"https:\/\/touaregsegurospb.com.br\/wp-content\/uploads\/2024\/09\/Vetorizacao-Touareg-site-1-2.png","contentUrl":"https:\/\/touaregsegurospb.com.br\/wp-content\/uploads\/2024\/09\/Vetorizacao-Touareg-site-1-2.png","width":695,"height":181,"caption":"Touareg Seguros"},"image":{"@id":"https:\/\/touaregsegurospb.com.br\/#\/schema\/logo\/image\/"}}]}},"_links":{"self":[{"href":"https:\/\/touaregsegurospb.com.br\/index.php?rest_route=\/wp\/v2\/pages\/14","targetHints":{"allow":["GET"]}}],"collection":[{"href":"https:\/\/touaregsegurospb.com.br\/index.php?rest_route=\/wp\/v2\/pages"}],"about":[{"href":"https:\/\/touaregsegurospb.com.br\/index.php?rest_route=\/wp\/v2\/types\/page"}],"author":[{"embeddable":true,"href":"https:\/\/touaregsegurospb.com.br\/index.php?rest_route=\/wp\/v2\/users\/1"}],"replies":[{"embeddable":true,"href":"https:\/\/touaregsegurospb.com.br\/index.php?rest_route=%2Fwp%2Fv2%2Fcomments&post=14"}],"version-history":[{"count":124,"href":"https:\/\/touaregsegurospb.com.br\/index.php?rest_route=\/wp\/v2\/pages\/14\/revisions"}],"predecessor-version":[{"id":1195,"href":"https:\/\/touaregsegurospb.com.br\/index.php?rest_route=\/wp\/v2\/pages\/14\/revisions\/1195"}],"wp:attachment":[{"href":"https:\/\/touaregsegurospb.com.br\/index.php?rest_route=%2Fwp%2Fv2%2Fmedia&parent=14"}],"curies":[{"name":"wp","href":"https:\/\/api.w.org\/{rel}","templated":true}]}}