{"id":20,"date":"2024-09-06T13:41:12","date_gmt":"2024-09-06T16:41:12","guid":{"rendered":"https:\/\/touaregsegurospb.com.br\/?page_id=20"},"modified":"2024-09-07T21:28:54","modified_gmt":"2024-09-08T00:28:54","slug":"quem-somos","status":"publish","type":"page","link":"https:\/\/touaregsegurospb.com.br\/?page_id=20","title":{"rendered":"Sobre N\u00f3s"},"content":{"rendered":"\t\t<div data-elementor-type=\"wp-page\" data-elementor-id=\"20\" class=\"elementor elementor-20\" data-elementor-post-type=\"page\">\n\t\t\t\t<div class=\"elementor-element elementor-element-943b0a1 e-grid e-con-boxed e-con e-parent\" data-id=\"943b0a1\" data-element_type=\"container\" data-e-type=\"container\">\n\t\t\t\t\t<div class=\"e-con-inner\">\n\t\t\t\t<div class=\"elementor-element elementor-element-f955fbf elementor-widget elementor-widget-image\" data-id=\"f955fbf\" data-element_type=\"widget\" data-e-type=\"widget\" data-widget_type=\"image.default\">\n\t\t\t\t<div class=\"elementor-widget-container\">\n\t\t\t\t\t\t\t\t\t\t\t\t\t\t\t<img decoding=\"async\" width=\"150\" height=\"150\" src=\"https:\/\/touaregsegurospb.com.br\/wp-content\/uploads\/2024\/09\/logo01-1.png\" class=\"attachment-thumbnail size-thumbnail wp-image-70\" alt=\"\" \/>\t\t\t\t\t\t\t\t\t\t\t\t\t\t\t<\/div>\n\t\t\t\t<\/div>\n\t\t\t\t<div class=\"elementor-element elementor-element-3e1294e elementor-widget elementor-widget-heading\" data-id=\"3e1294e\" data-element_type=\"widget\" data-e-type=\"widget\" data-widget_type=\"heading.default\">\n\t\t\t\t<div class=\"elementor-widget-container\">\n\t\t\t\t\t<h1 class=\"elementor-heading-title elementor-size-default\">QUEM SOMOS<\/h1>\t\t\t\t<\/div>\n\t\t\t\t<\/div>\n\t\t\t\t<div class=\"elementor-element elementor-element-a956c1b elementor-widget elementor-widget-heading\" data-id=\"a956c1b\" data-element_type=\"widget\" data-e-type=\"widget\" data-widget_type=\"heading.default\">\n\t\t\t\t<div class=\"elementor-widget-container\">\n\t\t\t\t\t<h2 class=\"elementor-heading-title elementor-size-default\">A TOUAREG CORRETORA DE SEGUROS<\/h2>\t\t\t\t<\/div>\n\t\t\t\t<\/div>\n\t\t\t\t\t<\/div>\n\t\t\t\t<\/div>\n\t\t<div class=\"elementor-element elementor-element-2256484 e-flex e-con-boxed e-con e-parent\" data-id=\"2256484\" data-element_type=\"container\" data-e-type=\"container\">\n\t\t\t\t\t<div class=\"e-con-inner\">\n\t\t<div class=\"elementor-element elementor-element-5a27cc9 e-con-full e-flex e-con e-child\" data-id=\"5a27cc9\" data-element_type=\"container\" data-e-type=\"container\">\n\t\t\t\t<div class=\"elementor-element elementor-element-0ae9c43 elementor-widget elementor-widget-text-editor\" data-id=\"0ae9c43\" data-element_type=\"widget\" data-e-type=\"widget\" data-widget_type=\"text-editor.default\">\n\t\t\t\t<div class=\"elementor-widget-container\">\n\t\t\t\t\t\t\t\t\t<p>Saber que seus bens est\u00e3o seguros lhe permite viver com mais tranquilidade, dedicando o seu tempo no que mais importa para voc\u00ea. Pensando nisso, a TOUAREG oferece facilidade, interatividade e transpar\u00eancia. A TOUAREG nasceu da experi\u00eancia de mais de\u00a0<strong>30 anos<\/strong>\u00a0dos seus s\u00f3cios que se tornaram especialistas na an\u00e1lise, na coloca\u00e7\u00e3o de risco e na gest\u00e3o de todos os ramos de seguros. Nosso objetivo \u00e9 proporcionar seguran\u00e7a e tranquilidade, prestando uma consultoria especializada e o nosso compromisso \u00e9 orientar e apresentar a proposta de seguro mais adequada \u00e0s suas necessidades, oferecendo o melhor custo benef\u00edcio, na certeza de uma ap\u00f3lice bem elaborada.<\/p>\t\t\t\t\t\t\t\t<\/div>\n\t\t\t\t<\/div>\n\t\t\t\t<\/div>\n\t\t<div class=\"elementor-element elementor-element-06293ef e-con-full e-flex e-con e-child\" data-id=\"06293ef\" data-element_type=\"container\" data-e-type=\"container\">\n\t\t\t\t<div class=\"elementor-element elementor-element-d1fb365 elementor-widget elementor-widget-image\" data-id=\"d1fb365\" data-element_type=\"widget\" data-e-type=\"widget\" data-widget_type=\"image.default\">\n\t\t\t\t<div class=\"elementor-widget-container\">\n\t\t\t\t\t\t\t\t\t\t\t\t\t\t\t<img fetchpriority=\"high\" decoding=\"async\" width=\"450\" height=\"600\" src=\"https:\/\/touaregsegurospb.com.br\/wp-content\/uploads\/2024\/09\/insure8-q4bt9aqkj7rad13ioqxd6bwpi4jgegebx6s6b0e7zk-1.jpg\" class=\"attachment-large size-large wp-image-67\" alt=\"\" \/>\t\t\t\t\t\t\t\t\t\t\t\t\t\t\t<\/div>\n\t\t\t\t<\/div>\n\t\t\t\t<\/div>\n\t\t\t\t\t<\/div>\n\t\t\t\t<\/div>\n\t\t\t\t<\/div>\n\t\t","protected":false},"excerpt":{"rendered":"<p>QUEM SOMOS A TOUAREG CORRETORA DE SEGUROS Saber que seus bens est\u00e3o seguros lhe permite viver com mais tranquilidade, dedicando o seu tempo no que mais importa para voc\u00ea. Pensando nisso, a TOUAREG oferece facilidade, interatividade e transpar\u00eancia. A TOUAREG nasceu da experi\u00eancia de mais de\u00a030 anos\u00a0dos seus s\u00f3cios que se tornaram especialistas na an\u00e1lise,&hellip;&nbsp;<a href=\"https:\/\/touaregsegurospb.com.br\/?page_id=20\" rel=\"bookmark\"><span class=\"screen-reader-text\">Sobre N\u00f3s<\/span><\/a><\/p>\n","protected":false},"author":1,"featured_media":0,"parent":0,"menu_order":0,"comment_status":"closed","ping_status":"closed","template":"page-templates\/template-pagebuilder-full-width.php","meta":{"neve_meta_sidebar":"","neve_meta_container":"","neve_meta_enable_content_width":"","neve_meta_content_width":0,"neve_meta_title_alignment":"","neve_meta_author_avatar":"","neve_post_elements_order":"","neve_meta_disable_header":"","neve_meta_disable_footer":"","neve_meta_disable_title":"","neve_meta_reading_time":"","footnotes":""},"class_list":["post-20","page","type-page","status-publish","hentry"],"yoast_head":"<!-- This site is optimized with the Yoast SEO Premium plugin v25.9 (Yoast SEO v27.3) - https:\/\/yoast.com\/product\/yoast-seo-premium-wordpress\/ -->\n<title>Sobre N\u00f3s - Touareg Seguros<\/title>\n<meta name=\"robots\" content=\"index, follow, max-snippet:-1, max-image-preview:large, max-video-preview:-1\" \/>\n<link rel=\"canonical\" href=\"https:\/\/touaregsegurospb.com.br\/?page_id=20\" \/>\n<meta property=\"og:locale\" content=\"pt_BR\" \/>\n<meta property=\"og:type\" content=\"article\" \/>\n<meta property=\"og:title\" content=\"Sobre N\u00f3s\" \/>\n<meta property=\"og:description\" content=\"QUEM SOMOS A TOUAREG CORRETORA DE SEGUROS Saber que seus bens est\u00e3o seguros lhe permite viver com mais tranquilidade, dedicando o seu tempo no que mais importa para voc\u00ea. Pensando nisso, a TOUAREG oferece facilidade, interatividade e transpar\u00eancia. A TOUAREG nasceu da experi\u00eancia de mais de\u00a030 anos\u00a0dos seus s\u00f3cios que se tornaram especialistas na an\u00e1lise,&hellip;&nbsp;Sobre N\u00f3s\" \/>\n<meta property=\"og:url\" content=\"https:\/\/touaregsegurospb.com.br\/?page_id=20\" \/>\n<meta property=\"og:site_name\" content=\"Touareg Seguros\" \/>\n<meta property=\"article:modified_time\" content=\"2024-09-08T00:28:54+00:00\" \/>\n<meta property=\"og:image\" content=\"https:\/\/touaregsegurospb.com.br\/wp-content\/uploads\/2024\/09\/logo01-1.png\" \/>\n<meta name=\"twitter:card\" content=\"summary_large_image\" \/>\n<meta name=\"twitter:label1\" content=\"Est. tempo de leitura\" \/>\n\t<meta name=\"twitter:data1\" content=\"1 minuto\" \/>\n<script type=\"application\/ld+json\" class=\"yoast-schema-graph\">{\"@context\":\"https:\\\/\\\/schema.org\",\"@graph\":[{\"@type\":\"WebPage\",\"@id\":\"https:\\\/\\\/touaregsegurospb.com.br\\\/?page_id=20\",\"url\":\"https:\\\/\\\/touaregsegurospb.com.br\\\/?page_id=20\",\"name\":\"Sobre N\u00f3s - Touareg Seguros\",\"isPartOf\":{\"@id\":\"https:\\\/\\\/touaregsegurospb.com.br\\\/#website\"},\"primaryImageOfPage\":{\"@id\":\"https:\\\/\\\/touaregsegurospb.com.br\\\/?page_id=20#primaryimage\"},\"image\":{\"@id\":\"https:\\\/\\\/touaregsegurospb.com.br\\\/?page_id=20#primaryimage\"},\"thumbnailUrl\":\"https:\\\/\\\/touaregsegurospb.com.br\\\/wp-content\\\/uploads\\\/2024\\\/09\\\/logo01-1.png\",\"datePublished\":\"2024-09-06T16:41:12+00:00\",\"dateModified\":\"2024-09-08T00:28:54+00:00\",\"breadcrumb\":{\"@id\":\"https:\\\/\\\/touaregsegurospb.com.br\\\/?page_id=20#breadcrumb\"},\"inLanguage\":\"pt-BR\",\"potentialAction\":[{\"@type\":\"ReadAction\",\"target\":[\"https:\\\/\\\/touaregsegurospb.com.br\\\/?page_id=20\"]}]},{\"@type\":\"ImageObject\",\"inLanguage\":\"pt-BR\",\"@id\":\"https:\\\/\\\/touaregsegurospb.com.br\\\/?page_id=20#primaryimage\",\"url\":\"https:\\\/\\\/touaregsegurospb.com.br\\\/wp-content\\\/uploads\\\/2024\\\/09\\\/logo01-1.png\",\"contentUrl\":\"https:\\\/\\\/touaregsegurospb.com.br\\\/wp-content\\\/uploads\\\/2024\\\/09\\\/logo01-1.png\",\"width\":502,\"height\":503},{\"@type\":\"BreadcrumbList\",\"@id\":\"https:\\\/\\\/touaregsegurospb.com.br\\\/?page_id=20#breadcrumb\",\"itemListElement\":[{\"@type\":\"ListItem\",\"position\":1,\"name\":\"Home\",\"item\":\"https:\\\/\\\/touaregsegurospb.com.br\\\/\"},{\"@type\":\"ListItem\",\"position\":2,\"name\":\"Sobre N\u00f3s\"}]},{\"@type\":\"WebSite\",\"@id\":\"https:\\\/\\\/touaregsegurospb.com.br\\\/#website\",\"url\":\"https:\\\/\\\/touaregsegurospb.com.br\\\/\",\"name\":\"Touareg Seguros\",\"description\":\"Aqui voc\u00ea estar\u00e1 seguro!\",\"publisher\":{\"@id\":\"https:\\\/\\\/touaregsegurospb.com.br\\\/#organization\"},\"potentialAction\":[{\"@type\":\"SearchAction\",\"target\":{\"@type\":\"EntryPoint\",\"urlTemplate\":\"https:\\\/\\\/touaregsegurospb.com.br\\\/?s={search_term_string}\"},\"query-input\":{\"@type\":\"PropertyValueSpecification\",\"valueRequired\":true,\"valueName\":\"search_term_string\"}}],\"inLanguage\":\"pt-BR\"},{\"@type\":\"Organization\",\"@id\":\"https:\\\/\\\/touaregsegurospb.com.br\\\/#organization\",\"name\":\"Touareg Seguros\",\"url\":\"https:\\\/\\\/touaregsegurospb.com.br\\\/\",\"logo\":{\"@type\":\"ImageObject\",\"inLanguage\":\"pt-BR\",\"@id\":\"https:\\\/\\\/touaregsegurospb.com.br\\\/#\\\/schema\\\/logo\\\/image\\\/\",\"url\":\"https:\\\/\\\/touaregsegurospb.com.br\\\/wp-content\\\/uploads\\\/2024\\\/09\\\/Vetorizacao-Touareg-site-1-2.png\",\"contentUrl\":\"https:\\\/\\\/touaregsegurospb.com.br\\\/wp-content\\\/uploads\\\/2024\\\/09\\\/Vetorizacao-Touareg-site-1-2.png\",\"width\":695,\"height\":181,\"caption\":\"Touareg Seguros\"},\"image\":{\"@id\":\"https:\\\/\\\/touaregsegurospb.com.br\\\/#\\\/schema\\\/logo\\\/image\\\/\"}}]}<\/script>\n<!-- \/ Yoast SEO Premium plugin. -->","yoast_head_json":{"title":"Sobre N\u00f3s - Touareg Seguros","robots":{"index":"index","follow":"follow","max-snippet":"max-snippet:-1","max-image-preview":"max-image-preview:large","max-video-preview":"max-video-preview:-1"},"canonical":"https:\/\/touaregsegurospb.com.br\/?page_id=20","og_locale":"pt_BR","og_type":"article","og_title":"Sobre N\u00f3s","og_description":"QUEM SOMOS A TOUAREG CORRETORA DE SEGUROS Saber que seus bens est\u00e3o seguros lhe permite viver com mais tranquilidade, dedicando o seu tempo no que mais importa para voc\u00ea. Pensando nisso, a TOUAREG oferece facilidade, interatividade e transpar\u00eancia. A TOUAREG nasceu da experi\u00eancia de mais de\u00a030 anos\u00a0dos seus s\u00f3cios que se tornaram especialistas na an\u00e1lise,&hellip;&nbsp;Sobre N\u00f3s","og_url":"https:\/\/touaregsegurospb.com.br\/?page_id=20","og_site_name":"Touareg Seguros","article_modified_time":"2024-09-08T00:28:54+00:00","og_image":[{"url":"https:\/\/touaregsegurospb.com.br\/wp-content\/uploads\/2024\/09\/logo01-1.png","type":"","width":"","height":""}],"twitter_card":"summary_large_image","twitter_misc":{"Est. tempo de leitura":"1 minuto"},"schema":{"@context":"https:\/\/schema.org","@graph":[{"@type":"WebPage","@id":"https:\/\/touaregsegurospb.com.br\/?page_id=20","url":"https:\/\/touaregsegurospb.com.br\/?page_id=20","name":"Sobre N\u00f3s - Touareg Seguros","isPartOf":{"@id":"https:\/\/touaregsegurospb.com.br\/#website"},"primaryImageOfPage":{"@id":"https:\/\/touaregsegurospb.com.br\/?page_id=20#primaryimage"},"image":{"@id":"https:\/\/touaregsegurospb.com.br\/?page_id=20#primaryimage"},"thumbnailUrl":"https:\/\/touaregsegurospb.com.br\/wp-content\/uploads\/2024\/09\/logo01-1.png","datePublished":"2024-09-06T16:41:12+00:00","dateModified":"2024-09-08T00:28:54+00:00","breadcrumb":{"@id":"https:\/\/touaregsegurospb.com.br\/?page_id=20#breadcrumb"},"inLanguage":"pt-BR","potentialAction":[{"@type":"ReadAction","target":["https:\/\/touaregsegurospb.com.br\/?page_id=20"]}]},{"@type":"ImageObject","inLanguage":"pt-BR","@id":"https:\/\/touaregsegurospb.com.br\/?page_id=20#primaryimage","url":"https:\/\/touaregsegurospb.com.br\/wp-content\/uploads\/2024\/09\/logo01-1.png","contentUrl":"https:\/\/touaregsegurospb.com.br\/wp-content\/uploads\/2024\/09\/logo01-1.png","width":502,"height":503},{"@type":"BreadcrumbList","@id":"https:\/\/touaregsegurospb.com.br\/?page_id=20#breadcrumb","itemListElement":[{"@type":"ListItem","position":1,"name":"Home","item":"https:\/\/touaregsegurospb.com.br\/"},{"@type":"ListItem","position":2,"name":"Sobre N\u00f3s"}]},{"@type":"WebSite","@id":"https:\/\/touaregsegurospb.com.br\/#website","url":"https:\/\/touaregsegurospb.com.br\/","name":"Touareg Seguros","description":"Aqui voc\u00ea estar\u00e1 seguro!","publisher":{"@id":"https:\/\/touaregsegurospb.com.br\/#organization"},"potentialAction":[{"@type":"SearchAction","target":{"@type":"EntryPoint","urlTemplate":"https:\/\/touaregsegurospb.com.br\/?s={search_term_string}"},"query-input":{"@type":"PropertyValueSpecification","valueRequired":true,"valueName":"search_term_string"}}],"inLanguage":"pt-BR"},{"@type":"Organization","@id":"https:\/\/touaregsegurospb.com.br\/#organization","name":"Touareg Seguros","url":"https:\/\/touaregsegurospb.com.br\/","logo":{"@type":"ImageObject","inLanguage":"pt-BR","@id":"https:\/\/touaregsegurospb.com.br\/#\/schema\/logo\/image\/","url":"https:\/\/touaregsegurospb.com.br\/wp-content\/uploads\/2024\/09\/Vetorizacao-Touareg-site-1-2.png","contentUrl":"https:\/\/touaregsegurospb.com.br\/wp-content\/uploads\/2024\/09\/Vetorizacao-Touareg-site-1-2.png","width":695,"height":181,"caption":"Touareg Seguros"},"image":{"@id":"https:\/\/touaregsegurospb.com.br\/#\/schema\/logo\/image\/"}}]}},"_links":{"self":[{"href":"https:\/\/touaregsegurospb.com.br\/index.php?rest_route=\/wp\/v2\/pages\/20","targetHints":{"allow":["GET"]}}],"collection":[{"href":"https:\/\/touaregsegurospb.com.br\/index.php?rest_route=\/wp\/v2\/pages"}],"about":[{"href":"https:\/\/touaregsegurospb.com.br\/index.php?rest_route=\/wp\/v2\/types\/page"}],"author":[{"embeddable":true,"href":"https:\/\/touaregsegurospb.com.br\/index.php?rest_route=\/wp\/v2\/users\/1"}],"replies":[{"embeddable":true,"href":"https:\/\/touaregsegurospb.com.br\/index.php?rest_route=%2Fwp%2Fv2%2Fcomments&post=20"}],"version-history":[{"count":5,"href":"https:\/\/touaregsegurospb.com.br\/index.php?rest_route=\/wp\/v2\/pages\/20\/revisions"}],"predecessor-version":[{"id":856,"href":"https:\/\/touaregsegurospb.com.br\/index.php?rest_route=\/wp\/v2\/pages\/20\/revisions\/856"}],"wp:attachment":[{"href":"https:\/\/touaregsegurospb.com.br\/index.php?rest_route=%2Fwp%2Fv2%2Fmedia&parent=20"}],"curies":[{"name":"wp","href":"https:\/\/api.w.org\/{rel}","templated":true}]}}