{"id":23,"date":"2024-09-06T13:41:31","date_gmt":"2024-09-06T16:41:31","guid":{"rendered":"https:\/\/touaregsegurospb.com.br\/?page_id=23"},"modified":"2024-09-06T19:36:23","modified_gmt":"2024-09-06T22:36:23","slug":"historia-da-empresa","status":"publish","type":"page","link":"https:\/\/touaregsegurospb.com.br\/?page_id=23","title":{"rendered":"Hist\u00f3ria da empresa"},"content":{"rendered":"\t\t<div data-elementor-type=\"wp-page\" data-elementor-id=\"23\" class=\"elementor elementor-23\" data-elementor-post-type=\"page\">\n\t\t\t\t<div class=\"elementor-element elementor-element-7a75530 e-grid e-con-boxed e-con e-parent\" data-id=\"7a75530\" data-element_type=\"container\" data-e-type=\"container\">\n\t\t\t\t\t<div class=\"e-con-inner\">\n\t\t\t\t<div class=\"elementor-element elementor-element-7c84290 elementor-widget elementor-widget-image\" data-id=\"7c84290\" data-element_type=\"widget\" data-e-type=\"widget\" data-widget_type=\"image.default\">\n\t\t\t\t<div class=\"elementor-widget-container\">\n\t\t\t\t\t\t\t\t\t\t\t\t\t\t\t<img decoding=\"async\" width=\"150\" height=\"150\" src=\"https:\/\/touaregsegurospb.com.br\/wp-content\/uploads\/2024\/09\/logo01-1.png\" class=\"attachment-thumbnail size-thumbnail wp-image-70\" alt=\"\" \/>\t\t\t\t\t\t\t\t\t\t\t\t\t\t\t<\/div>\n\t\t\t\t<\/div>\n\t\t\t\t<div class=\"elementor-element elementor-element-dfadc7b elementor-widget elementor-widget-heading\" data-id=\"dfadc7b\" data-element_type=\"widget\" data-e-type=\"widget\" data-widget_type=\"heading.default\">\n\t\t\t\t<div class=\"elementor-widget-container\">\n\t\t\t\t\t<h1 class=\"elementor-heading-title elementor-size-default\">HIST\u00d3RIA DA EMPRESA<\/h1>\t\t\t\t<\/div>\n\t\t\t\t<\/div>\n\t\t\t\t<div class=\"elementor-element elementor-element-ed80ea9 elementor-widget elementor-widget-heading\" data-id=\"ed80ea9\" data-element_type=\"widget\" data-e-type=\"widget\" data-widget_type=\"heading.default\">\n\t\t\t\t<div class=\"elementor-widget-container\">\n\t\t\t\t\t<h2 class=\"elementor-heading-title elementor-size-default\">Mais de tr\u00eas d\u00e9cadas de experi\u00eancia<\/h2>\t\t\t\t<\/div>\n\t\t\t\t<\/div>\n\t\t\t\t\t<\/div>\n\t\t\t\t<\/div>\n\t\t<div class=\"elementor-element elementor-element-73f145d e-flex e-con-boxed e-con e-parent\" data-id=\"73f145d\" data-element_type=\"container\" data-e-type=\"container\">\n\t\t\t\t\t<div class=\"e-con-inner\">\n\t\t<div class=\"elementor-element elementor-element-d36d25a e-con-full e-flex e-con e-child\" data-id=\"d36d25a\" data-element_type=\"container\" data-e-type=\"container\">\n\t\t\t\t<div class=\"elementor-element elementor-element-19b1d57 elementor-widget elementor-widget-text-editor\" data-id=\"19b1d57\" data-element_type=\"widget\" data-e-type=\"widget\" data-widget_type=\"text-editor.default\">\n\t\t\t\t<div class=\"elementor-widget-container\">\n\t\t\t\t\t\t\t\t\t<p>A Touareg iniciou seus trabalhos a partir da experi\u00eancia de mais de 30 anos dos seus s\u00f3cios que se tornaram especialistas na an\u00e1lise, na coloca\u00e7\u00e3o de risco e na gest\u00e3o de todos os ramos de seguros.<\/p><p>A rede trabalha com um amplo cat\u00e1logo de produtos voltados para pessoas f\u00edsicas e pessoas jur\u00eddicas. Conta com linhas financeiras como seguro garantia, seguro de cr\u00e9dito, entre outros.<\/p><p>Da mesma forma, trabalha com seguro residencial, de autom\u00f3veis, planos de sa\u00fade, seguro de equipamentos port\u00e1veis, entre outros.<\/p>\t\t\t\t\t\t\t\t<\/div>\n\t\t\t\t<\/div>\n\t\t\t\t<\/div>\n\t\t<div class=\"elementor-element elementor-element-1ca187a e-con-full e-flex e-con e-child\" data-id=\"1ca187a\" data-element_type=\"container\" data-e-type=\"container\">\n\t\t\t\t<div class=\"elementor-element elementor-element-d3cdc3a elementor-widget elementor-widget-image\" data-id=\"d3cdc3a\" data-element_type=\"widget\" data-e-type=\"widget\" data-widget_type=\"image.default\">\n\t\t\t\t<div class=\"elementor-widget-container\">\n\t\t\t\t\t\t\t\t\t\t\t\t\t\t\t<img fetchpriority=\"high\" decoding=\"async\" width=\"1024\" height=\"683\" src=\"https:\/\/touaregsegurospb.com.br\/wp-content\/uploads\/2024\/09\/insure20-1.jpg\" class=\"attachment-large size-large wp-image-68\" alt=\"\" \/>\t\t\t\t\t\t\t\t\t\t\t\t\t\t\t<\/div>\n\t\t\t\t<\/div>\n\t\t\t\t<\/div>\n\t\t\t\t\t<\/div>\n\t\t\t\t<\/div>\n\t\t\t\t<\/div>\n\t\t","protected":false},"excerpt":{"rendered":"<p>HIST\u00d3RIA DA EMPRESA Mais de tr\u00eas d\u00e9cadas de experi\u00eancia A Touareg iniciou seus trabalhos a partir da experi\u00eancia de mais de 30 anos dos seus s\u00f3cios que se tornaram especialistas na an\u00e1lise, na coloca\u00e7\u00e3o de risco e na gest\u00e3o de todos os ramos de seguros. A rede trabalha com um amplo cat\u00e1logo de produtos voltados&hellip;&nbsp;<a href=\"https:\/\/touaregsegurospb.com.br\/?page_id=23\" rel=\"bookmark\"><span class=\"screen-reader-text\">Hist\u00f3ria da empresa<\/span><\/a><\/p>\n","protected":false},"author":1,"featured_media":0,"parent":0,"menu_order":0,"comment_status":"closed","ping_status":"closed","template":"page-templates\/template-pagebuilder-full-width.php","meta":{"neve_meta_sidebar":"","neve_meta_container":"","neve_meta_enable_content_width":"","neve_meta_content_width":0,"neve_meta_title_alignment":"","neve_meta_author_avatar":"","neve_post_elements_order":"","neve_meta_disable_header":"","neve_meta_disable_footer":"","neve_meta_disable_title":"","neve_meta_reading_time":"","footnotes":""},"class_list":["post-23","page","type-page","status-publish","hentry"],"yoast_head":"<!-- This site is optimized with the Yoast SEO Premium plugin v25.9 (Yoast SEO v27.3) - https:\/\/yoast.com\/product\/yoast-seo-premium-wordpress\/ -->\n<title>Hist\u00f3ria da empresa - Touareg Seguros<\/title>\n<meta name=\"robots\" content=\"index, follow, max-snippet:-1, max-image-preview:large, max-video-preview:-1\" \/>\n<link rel=\"canonical\" href=\"https:\/\/touaregsegurospb.com.br\/?page_id=23\" \/>\n<meta property=\"og:locale\" content=\"pt_BR\" \/>\n<meta property=\"og:type\" content=\"article\" \/>\n<meta property=\"og:title\" content=\"Hist\u00f3ria da empresa\" \/>\n<meta property=\"og:description\" content=\"HIST\u00d3RIA DA EMPRESA Mais de tr\u00eas d\u00e9cadas de experi\u00eancia A Touareg iniciou seus trabalhos a partir da experi\u00eancia de mais de 30 anos dos seus s\u00f3cios que se tornaram especialistas na an\u00e1lise, na coloca\u00e7\u00e3o de risco e na gest\u00e3o de todos os ramos de seguros. A rede trabalha com um amplo cat\u00e1logo de produtos voltados&hellip;&nbsp;Hist\u00f3ria da empresa\" \/>\n<meta property=\"og:url\" content=\"https:\/\/touaregsegurospb.com.br\/?page_id=23\" \/>\n<meta property=\"og:site_name\" content=\"Touareg Seguros\" \/>\n<meta property=\"article:modified_time\" content=\"2024-09-06T22:36:23+00:00\" \/>\n<meta property=\"og:image\" content=\"https:\/\/touaregsegurospb.com.br\/wp-content\/uploads\/2024\/09\/logo01-1.png\" \/>\n<meta name=\"twitter:card\" content=\"summary_large_image\" \/>\n<meta name=\"twitter:label1\" content=\"Est. tempo de leitura\" \/>\n\t<meta name=\"twitter:data1\" content=\"1 minuto\" \/>\n<script type=\"application\/ld+json\" class=\"yoast-schema-graph\">{\"@context\":\"https:\\\/\\\/schema.org\",\"@graph\":[{\"@type\":\"WebPage\",\"@id\":\"https:\\\/\\\/touaregsegurospb.com.br\\\/?page_id=23\",\"url\":\"https:\\\/\\\/touaregsegurospb.com.br\\\/?page_id=23\",\"name\":\"Hist\u00f3ria da empresa - Touareg Seguros\",\"isPartOf\":{\"@id\":\"https:\\\/\\\/touaregsegurospb.com.br\\\/#website\"},\"primaryImageOfPage\":{\"@id\":\"https:\\\/\\\/touaregsegurospb.com.br\\\/?page_id=23#primaryimage\"},\"image\":{\"@id\":\"https:\\\/\\\/touaregsegurospb.com.br\\\/?page_id=23#primaryimage\"},\"thumbnailUrl\":\"https:\\\/\\\/touaregsegurospb.com.br\\\/wp-content\\\/uploads\\\/2024\\\/09\\\/logo01-1.png\",\"datePublished\":\"2024-09-06T16:41:31+00:00\",\"dateModified\":\"2024-09-06T22:36:23+00:00\",\"breadcrumb\":{\"@id\":\"https:\\\/\\\/touaregsegurospb.com.br\\\/?page_id=23#breadcrumb\"},\"inLanguage\":\"pt-BR\",\"potentialAction\":[{\"@type\":\"ReadAction\",\"target\":[\"https:\\\/\\\/touaregsegurospb.com.br\\\/?page_id=23\"]}]},{\"@type\":\"ImageObject\",\"inLanguage\":\"pt-BR\",\"@id\":\"https:\\\/\\\/touaregsegurospb.com.br\\\/?page_id=23#primaryimage\",\"url\":\"https:\\\/\\\/touaregsegurospb.com.br\\\/wp-content\\\/uploads\\\/2024\\\/09\\\/logo01-1.png\",\"contentUrl\":\"https:\\\/\\\/touaregsegurospb.com.br\\\/wp-content\\\/uploads\\\/2024\\\/09\\\/logo01-1.png\",\"width\":502,\"height\":503},{\"@type\":\"BreadcrumbList\",\"@id\":\"https:\\\/\\\/touaregsegurospb.com.br\\\/?page_id=23#breadcrumb\",\"itemListElement\":[{\"@type\":\"ListItem\",\"position\":1,\"name\":\"Home\",\"item\":\"https:\\\/\\\/touaregsegurospb.com.br\\\/\"},{\"@type\":\"ListItem\",\"position\":2,\"name\":\"Hist\u00f3ria da empresa\"}]},{\"@type\":\"WebSite\",\"@id\":\"https:\\\/\\\/touaregsegurospb.com.br\\\/#website\",\"url\":\"https:\\\/\\\/touaregsegurospb.com.br\\\/\",\"name\":\"Touareg Seguros\",\"description\":\"Aqui voc\u00ea estar\u00e1 seguro!\",\"publisher\":{\"@id\":\"https:\\\/\\\/touaregsegurospb.com.br\\\/#organization\"},\"potentialAction\":[{\"@type\":\"SearchAction\",\"target\":{\"@type\":\"EntryPoint\",\"urlTemplate\":\"https:\\\/\\\/touaregsegurospb.com.br\\\/?s={search_term_string}\"},\"query-input\":{\"@type\":\"PropertyValueSpecification\",\"valueRequired\":true,\"valueName\":\"search_term_string\"}}],\"inLanguage\":\"pt-BR\"},{\"@type\":\"Organization\",\"@id\":\"https:\\\/\\\/touaregsegurospb.com.br\\\/#organization\",\"name\":\"Touareg Seguros\",\"url\":\"https:\\\/\\\/touaregsegurospb.com.br\\\/\",\"logo\":{\"@type\":\"ImageObject\",\"inLanguage\":\"pt-BR\",\"@id\":\"https:\\\/\\\/touaregsegurospb.com.br\\\/#\\\/schema\\\/logo\\\/image\\\/\",\"url\":\"https:\\\/\\\/touaregsegurospb.com.br\\\/wp-content\\\/uploads\\\/2024\\\/09\\\/Vetorizacao-Touareg-site-1-2.png\",\"contentUrl\":\"https:\\\/\\\/touaregsegurospb.com.br\\\/wp-content\\\/uploads\\\/2024\\\/09\\\/Vetorizacao-Touareg-site-1-2.png\",\"width\":695,\"height\":181,\"caption\":\"Touareg Seguros\"},\"image\":{\"@id\":\"https:\\\/\\\/touaregsegurospb.com.br\\\/#\\\/schema\\\/logo\\\/image\\\/\"}}]}<\/script>\n<!-- \/ Yoast SEO Premium plugin. -->","yoast_head_json":{"title":"Hist\u00f3ria da empresa - Touareg Seguros","robots":{"index":"index","follow":"follow","max-snippet":"max-snippet:-1","max-image-preview":"max-image-preview:large","max-video-preview":"max-video-preview:-1"},"canonical":"https:\/\/touaregsegurospb.com.br\/?page_id=23","og_locale":"pt_BR","og_type":"article","og_title":"Hist\u00f3ria da empresa","og_description":"HIST\u00d3RIA DA EMPRESA Mais de tr\u00eas d\u00e9cadas de experi\u00eancia A Touareg iniciou seus trabalhos a partir da experi\u00eancia de mais de 30 anos dos seus s\u00f3cios que se tornaram especialistas na an\u00e1lise, na coloca\u00e7\u00e3o de risco e na gest\u00e3o de todos os ramos de seguros. A rede trabalha com um amplo cat\u00e1logo de produtos voltados&hellip;&nbsp;Hist\u00f3ria da empresa","og_url":"https:\/\/touaregsegurospb.com.br\/?page_id=23","og_site_name":"Touareg Seguros","article_modified_time":"2024-09-06T22:36:23+00:00","og_image":[{"url":"https:\/\/touaregsegurospb.com.br\/wp-content\/uploads\/2024\/09\/logo01-1.png","type":"","width":"","height":""}],"twitter_card":"summary_large_image","twitter_misc":{"Est. tempo de leitura":"1 minuto"},"schema":{"@context":"https:\/\/schema.org","@graph":[{"@type":"WebPage","@id":"https:\/\/touaregsegurospb.com.br\/?page_id=23","url":"https:\/\/touaregsegurospb.com.br\/?page_id=23","name":"Hist\u00f3ria da empresa - Touareg Seguros","isPartOf":{"@id":"https:\/\/touaregsegurospb.com.br\/#website"},"primaryImageOfPage":{"@id":"https:\/\/touaregsegurospb.com.br\/?page_id=23#primaryimage"},"image":{"@id":"https:\/\/touaregsegurospb.com.br\/?page_id=23#primaryimage"},"thumbnailUrl":"https:\/\/touaregsegurospb.com.br\/wp-content\/uploads\/2024\/09\/logo01-1.png","datePublished":"2024-09-06T16:41:31+00:00","dateModified":"2024-09-06T22:36:23+00:00","breadcrumb":{"@id":"https:\/\/touaregsegurospb.com.br\/?page_id=23#breadcrumb"},"inLanguage":"pt-BR","potentialAction":[{"@type":"ReadAction","target":["https:\/\/touaregsegurospb.com.br\/?page_id=23"]}]},{"@type":"ImageObject","inLanguage":"pt-BR","@id":"https:\/\/touaregsegurospb.com.br\/?page_id=23#primaryimage","url":"https:\/\/touaregsegurospb.com.br\/wp-content\/uploads\/2024\/09\/logo01-1.png","contentUrl":"https:\/\/touaregsegurospb.com.br\/wp-content\/uploads\/2024\/09\/logo01-1.png","width":502,"height":503},{"@type":"BreadcrumbList","@id":"https:\/\/touaregsegurospb.com.br\/?page_id=23#breadcrumb","itemListElement":[{"@type":"ListItem","position":1,"name":"Home","item":"https:\/\/touaregsegurospb.com.br\/"},{"@type":"ListItem","position":2,"name":"Hist\u00f3ria da empresa"}]},{"@type":"WebSite","@id":"https:\/\/touaregsegurospb.com.br\/#website","url":"https:\/\/touaregsegurospb.com.br\/","name":"Touareg Seguros","description":"Aqui voc\u00ea estar\u00e1 seguro!","publisher":{"@id":"https:\/\/touaregsegurospb.com.br\/#organization"},"potentialAction":[{"@type":"SearchAction","target":{"@type":"EntryPoint","urlTemplate":"https:\/\/touaregsegurospb.com.br\/?s={search_term_string}"},"query-input":{"@type":"PropertyValueSpecification","valueRequired":true,"valueName":"search_term_string"}}],"inLanguage":"pt-BR"},{"@type":"Organization","@id":"https:\/\/touaregsegurospb.com.br\/#organization","name":"Touareg Seguros","url":"https:\/\/touaregsegurospb.com.br\/","logo":{"@type":"ImageObject","inLanguage":"pt-BR","@id":"https:\/\/touaregsegurospb.com.br\/#\/schema\/logo\/image\/","url":"https:\/\/touaregsegurospb.com.br\/wp-content\/uploads\/2024\/09\/Vetorizacao-Touareg-site-1-2.png","contentUrl":"https:\/\/touaregsegurospb.com.br\/wp-content\/uploads\/2024\/09\/Vetorizacao-Touareg-site-1-2.png","width":695,"height":181,"caption":"Touareg Seguros"},"image":{"@id":"https:\/\/touaregsegurospb.com.br\/#\/schema\/logo\/image\/"}}]}},"_links":{"self":[{"href":"https:\/\/touaregsegurospb.com.br\/index.php?rest_route=\/wp\/v2\/pages\/23","targetHints":{"allow":["GET"]}}],"collection":[{"href":"https:\/\/touaregsegurospb.com.br\/index.php?rest_route=\/wp\/v2\/pages"}],"about":[{"href":"https:\/\/touaregsegurospb.com.br\/index.php?rest_route=\/wp\/v2\/types\/page"}],"author":[{"embeddable":true,"href":"https:\/\/touaregsegurospb.com.br\/index.php?rest_route=\/wp\/v2\/users\/1"}],"replies":[{"embeddable":true,"href":"https:\/\/touaregsegurospb.com.br\/index.php?rest_route=%2Fwp%2Fv2%2Fcomments&post=23"}],"version-history":[{"count":4,"href":"https:\/\/touaregsegurospb.com.br\/index.php?rest_route=\/wp\/v2\/pages\/23\/revisions"}],"predecessor-version":[{"id":375,"href":"https:\/\/touaregsegurospb.com.br\/index.php?rest_route=\/wp\/v2\/pages\/23\/revisions\/375"}],"wp:attachment":[{"href":"https:\/\/touaregsegurospb.com.br\/index.php?rest_route=%2Fwp%2Fv2%2Fmedia&parent=23"}],"curies":[{"name":"wp","href":"https:\/\/api.w.org\/{rel}","templated":true}]}}