{"id":32,"date":"2024-09-06T13:43:23","date_gmt":"2024-09-06T16:43:23","guid":{"rendered":"https:\/\/touaregsegurospb.com.br\/?page_id=32"},"modified":"2024-09-06T21:27:14","modified_gmt":"2024-09-07T00:27:14","slug":"afinidades","status":"publish","type":"page","link":"https:\/\/touaregsegurospb.com.br\/?page_id=32","title":{"rendered":"Afinidades"},"content":{"rendered":"\t\t<div data-elementor-type=\"wp-page\" data-elementor-id=\"32\" class=\"elementor elementor-32\" data-elementor-post-type=\"page\">\n\t\t\t\t<div class=\"elementor-element elementor-element-2c0989a e-flex e-con-boxed e-con e-parent\" data-id=\"2c0989a\" data-element_type=\"container\" data-e-type=\"container\">\n\t\t\t\t\t<div class=\"e-con-inner\">\n\t\t\t\t<div class=\"elementor-element elementor-element-9b0f4ee elementor-absolute elementor--h-position-center elementor--v-position-middle elementor-arrows-position-inside elementor-pagination-position-inside elementor-widget elementor-widget-slides\" data-id=\"9b0f4ee\" data-element_type=\"widget\" data-e-type=\"widget\" data-settings=\"{&quot;_position&quot;:&quot;absolute&quot;,&quot;navigation&quot;:&quot;both&quot;,&quot;autoplay&quot;:&quot;yes&quot;,&quot;pause_on_hover&quot;:&quot;yes&quot;,&quot;pause_on_interaction&quot;:&quot;yes&quot;,&quot;autoplay_speed&quot;:5000,&quot;infinite&quot;:&quot;yes&quot;,&quot;transition&quot;:&quot;slide&quot;,&quot;transition_speed&quot;:500}\" data-widget_type=\"slides.default\">\n\t\t\t\t<div class=\"elementor-widget-container\">\n\t\t\t\t\t\t\t\t\t<div class=\"elementor-swiper\">\n\t\t\t\t\t<div class=\"elementor-slides-wrapper elementor-main-swiper swiper\" role=\"region\" aria-roledescription=\"carousel\" aria-label=\"Slides\" dir=\"ltr\" data-animation=\"fadeInUp\">\n\t\t\t\t<div class=\"swiper-wrapper elementor-slides\">\n\t\t\t\t\t\t\t\t\t\t<div class=\"elementor-repeater-item-2781f26 swiper-slide\" role=\"group\" aria-roledescription=\"slide\"><div class=\"swiper-slide-bg\" role=\"img\" aria-label=\"Close-up of economist using calculator while going through bills and taxes in the office.\"><\/div><div class=\"swiper-slide-inner\" ><div class=\"swiper-slide-contents\"><div class=\"elementor-slide-heading\">Afinidades<\/div><\/div><\/div><\/div>\t\t\t\t<\/div>\n\t\t\t\t\t\t\t<\/div>\n\t\t\t\t<\/div>\n\t\t\t\t\t\t\t\t<\/div>\n\t\t\t\t<\/div>\n\t\t\t\t\t<\/div>\n\t\t\t\t<\/div>\n\t\t<div class=\"elementor-element elementor-element-ec7fa3a e-flex e-con-boxed e-con e-parent\" data-id=\"ec7fa3a\" data-element_type=\"container\" data-e-type=\"container\">\n\t\t\t\t\t<div class=\"e-con-inner\">\n\t\t\t\t<div class=\"elementor-element elementor-element-fb38352 elementor-widget__width-inherit elementor-absolute elementor--h-position-center elementor--v-position-middle elementor-arrows-position-inside elementor-pagination-position-inside elementor-widget elementor-widget-slides\" data-id=\"fb38352\" data-element_type=\"widget\" data-e-type=\"widget\" data-settings=\"{&quot;_position&quot;:&quot;absolute&quot;,&quot;navigation&quot;:&quot;both&quot;,&quot;autoplay&quot;:&quot;yes&quot;,&quot;pause_on_hover&quot;:&quot;yes&quot;,&quot;pause_on_interaction&quot;:&quot;yes&quot;,&quot;autoplay_speed&quot;:5000,&quot;infinite&quot;:&quot;yes&quot;,&quot;transition&quot;:&quot;slide&quot;,&quot;transition_speed&quot;:500}\" data-widget_type=\"slides.default\">\n\t\t\t\t<div class=\"elementor-widget-container\">\n\t\t\t\t\t\t\t\t\t<div class=\"elementor-swiper\">\n\t\t\t\t\t<div class=\"elementor-slides-wrapper elementor-main-swiper swiper\" role=\"region\" aria-roledescription=\"carousel\" aria-label=\"Slides\" dir=\"ltr\" data-animation=\"fadeInUp\">\n\t\t\t\t<div class=\"swiper-wrapper elementor-slides\">\n\t\t\t\t\t\t\t\t\t\t<div class=\"elementor-repeater-item-4ddff18 swiper-slide\" role=\"group\" aria-roledescription=\"slide\"><div class=\"swiper-slide-bg\" role=\"img\" aria-label=\"Close-up of economist using calculator while going through bills and taxes in the office.\"><\/div><div class=\"swiper-slide-inner\" ><div class=\"swiper-slide-contents\"><div class=\"elementor-slide-heading\">Afinidades<\/div><\/div><\/div><\/div>\t\t\t\t<\/div>\n\t\t\t\t\t\t\t<\/div>\n\t\t\t\t<\/div>\n\t\t\t\t\t\t\t\t<\/div>\n\t\t\t\t<\/div>\n\t\t<div class=\"elementor-element elementor-element-4ae47a4 e-con-full e-flex e-con e-child\" data-id=\"4ae47a4\" data-element_type=\"container\" data-e-type=\"container\">\n\t\t\t\t<\/div>\n\t\t\t\t\t<\/div>\n\t\t\t\t<\/div>\n\t\t<div class=\"elementor-element elementor-element-b79610c e-flex e-con-boxed e-con e-parent\" data-id=\"b79610c\" data-element_type=\"container\" data-e-type=\"container\">\n\t\t\t\t\t<div class=\"e-con-inner\">\n\t\t\t\t<div class=\"elementor-element elementor-element-a7b0551 elementor-widget elementor-widget-image\" data-id=\"a7b0551\" data-element_type=\"widget\" data-e-type=\"widget\" data-widget_type=\"image.default\">\n\t\t\t\t<div class=\"elementor-widget-container\">\n\t\t\t\t\t\t\t\t\t\t\t\t\t\t\t<img decoding=\"async\" width=\"150\" height=\"150\" src=\"https:\/\/touaregsegurospb.com.br\/wp-content\/uploads\/2024\/09\/dot-150x150-2.png\" class=\"attachment-medium size-medium wp-image-57\" alt=\"\" \/>\t\t\t\t\t\t\t\t\t\t\t\t\t\t\t<\/div>\n\t\t\t\t<\/div>\n\t\t\t\t<div class=\"elementor-element elementor-element-99a2399 elementor-widget elementor-widget-image\" data-id=\"99a2399\" data-element_type=\"widget\" data-e-type=\"widget\" data-widget_type=\"image.default\">\n\t\t\t\t<div class=\"elementor-widget-container\">\n\t\t\t\t\t\t\t\t\t\t\t\t\t\t\t<img decoding=\"async\" width=\"150\" height=\"150\" src=\"https:\/\/touaregsegurospb.com.br\/wp-content\/uploads\/2024\/09\/logo01-1.png\" class=\"attachment-thumbnail size-thumbnail wp-image-70\" alt=\"\" \/>\t\t\t\t\t\t\t\t\t\t\t\t\t\t\t<\/div>\n\t\t\t\t<\/div>\n\t\t\t\t<div class=\"elementor-element elementor-element-e9b4f1a elementor-widget elementor-widget-heading\" data-id=\"e9b4f1a\" data-element_type=\"widget\" data-e-type=\"widget\" data-widget_type=\"heading.default\">\n\t\t\t\t<div class=\"elementor-widget-container\">\n\t\t\t\t\t<h2 class=\"elementor-heading-title elementor-size-default\">possuimos um grande portf\u00f3lio de produtos para a prote\u00e7\u00e3o de pessoas.<\/h2>\t\t\t\t<\/div>\n\t\t\t\t<\/div>\n\t\t\t\t\t<\/div>\n\t\t\t\t<\/div>\n\t\t<div class=\"elementor-element elementor-element-9745f79 e-grid e-con-boxed e-con e-parent\" data-id=\"9745f79\" data-element_type=\"container\" data-e-type=\"container\">\n\t\t\t\t\t<div class=\"e-con-inner\">\n\t\t\t\t<div class=\"elementor-element elementor-element-40a53c4 elementor-widget elementor-widget-text-editor\" data-id=\"40a53c4\" data-element_type=\"widget\" data-e-type=\"widget\" data-widget_type=\"text-editor.default\">\n\t\t\t\t<div class=\"elementor-widget-container\">\n\t\t\t\t\t\t\t\t\t<p>Afinidades\u00a0<b>\u00e9 uma solu\u00e7\u00e3o que disponibiliza uma s\u00e9rie de seguros massificados por meio de grupos que est\u00e3o relacionados aos servi\u00e7os da sua empresa<\/b>. Com Afinidades voc\u00ea pode agregar valor aos produtos e servi\u00e7os j\u00e1 oferecidos.<\/p>\t\t\t\t\t\t\t\t<\/div>\n\t\t\t\t<\/div>\n\t\t\t\t<div class=\"elementor-element elementor-element-9a81649 elementor-widget elementor-widget-text-editor\" data-id=\"9a81649\" data-element_type=\"widget\" data-e-type=\"widget\" data-widget_type=\"text-editor.default\">\n\t\t\t\t<div class=\"elementor-widget-container\">\n\t\t\t\t\t\t\t\t\t<ul><li>Contrata\u00e7\u00e3o Simplificada;<\/li><li>Garantias Inovadoras;<\/li><li>Tecnologia;<\/li><li>Personaliza\u00e7\u00e3o<strong>.<\/strong><\/li><li>\u00a0<\/li><\/ul>\t\t\t\t\t\t\t\t<\/div>\n\t\t\t\t<\/div>\n\t\t\t\t\t<\/div>\n\t\t\t\t<\/div>\n\t\t<div class=\"elementor-element elementor-element-f282f44 e-grid e-con-boxed e-con e-parent\" data-id=\"f282f44\" data-element_type=\"container\" data-e-type=\"container\">\n\t\t\t\t\t<div class=\"e-con-inner\">\n\t\t\t\t<div class=\"elementor-element elementor-element-b8cbf00 elementor-position-top elementor-widget elementor-widget-image-box\" data-id=\"b8cbf00\" data-element_type=\"widget\" data-e-type=\"widget\" data-widget_type=\"image-box.default\">\n\t\t\t\t<div class=\"elementor-widget-container\">\n\t\t\t\t\t<div class=\"elementor-image-box-wrapper\"><figure class=\"elementor-image-box-img\"><img decoding=\"async\" width=\"35\" height=\"22\" src=\"https:\/\/touaregsegurospb.com.br\/wp-content\/uploads\/2024\/09\/10.png\" class=\"attachment-full size-full wp-image-367\" alt=\"\" \/><\/figure><div class=\"elementor-image-box-content\"><h3 class=\"elementor-image-box-title\">ROUBO E FURTO DE ELETR\u00d4NICOS<\/h3><p class=\"elementor-image-box-description\">Com o Seguro Roubo e Furto Qualificado, o cliente est\u00e1 inteiramente coberto a partir do momento que adquire o seguro, de acordo com as cl\u00e1usulas contratuais.<\/p><\/div><\/div>\t\t\t\t<\/div>\n\t\t\t\t<\/div>\n\t\t\t\t<div class=\"elementor-element elementor-element-f3b6ab7 elementor-position-top elementor-widget elementor-widget-image-box\" data-id=\"f3b6ab7\" data-element_type=\"widget\" data-e-type=\"widget\" data-widget_type=\"image-box.default\">\n\t\t\t\t<div class=\"elementor-widget-container\">\n\t\t\t\t\t<div class=\"elementor-image-box-wrapper\"><figure class=\"elementor-image-box-img\"><img decoding=\"async\" width=\"35\" height=\"22\" src=\"https:\/\/touaregsegurospb.com.br\/wp-content\/uploads\/2024\/09\/10.png\" class=\"attachment-full size-full wp-image-367\" alt=\"\" \/><\/figure><div class=\"elementor-image-box-content\"><h3 class=\"elementor-image-box-title\">SEGURO PRESTAMISTA<\/h3><p class=\"elementor-image-box-description\">Quita\u00e7\u00e3o ou amortiza\u00e7\u00e3o do saldo do seu cart\u00e3o de cr\u00e9dito, em caso de desemprego involunt\u00e1rio ou incapacidade f\u00edsica total tempor\u00e1ria.<\/p><\/div><\/div>\t\t\t\t<\/div>\n\t\t\t\t<\/div>\n\t\t\t\t<div class=\"elementor-element elementor-element-51683a3 elementor-position-top elementor-widget elementor-widget-image-box\" data-id=\"51683a3\" data-element_type=\"widget\" data-e-type=\"widget\" data-widget_type=\"image-box.default\">\n\t\t\t\t<div class=\"elementor-widget-container\">\n\t\t\t\t\t<div class=\"elementor-image-box-wrapper\"><figure class=\"elementor-image-box-img\"><img decoding=\"async\" width=\"35\" height=\"22\" src=\"https:\/\/touaregsegurospb.com.br\/wp-content\/uploads\/2024\/09\/10.png\" class=\"attachment-full size-full wp-image-367\" alt=\"\" \/><\/figure><div class=\"elementor-image-box-content\"><h3 class=\"elementor-image-box-title\">SEGURO GARANTIA ESTENDIDA<\/h3><p class=\"elementor-image-box-description\">O Seguro Garantia Estendida \u00e9 uma extens\u00e3o da garantia original do fabricante ao segurado para produtos como eletrodom\u00e9sticos, eletr\u00f4nicos, eletroport\u00e1teis, m\u00f3veis, ferramentas, instrumentos musicais, celulares, equipamentos fitness, entre outros.<\/p><\/div><\/div>\t\t\t\t<\/div>\n\t\t\t\t<\/div>\n\t\t\t\t<div class=\"elementor-element elementor-element-f97f06b elementor-position-top elementor-widget elementor-widget-image-box\" data-id=\"f97f06b\" data-element_type=\"widget\" data-e-type=\"widget\" data-widget_type=\"image-box.default\">\n\t\t\t\t<div class=\"elementor-widget-container\">\n\t\t\t\t\t<div class=\"elementor-image-box-wrapper\"><figure class=\"elementor-image-box-img\"><img decoding=\"async\" width=\"35\" height=\"22\" src=\"https:\/\/touaregsegurospb.com.br\/wp-content\/uploads\/2024\/09\/10.png\" class=\"attachment-full size-full wp-image-367\" alt=\"\" \/><\/figure><div class=\"elementor-image-box-content\"><h3 class=\"elementor-image-box-title\">SEGURO CONTRA ACIDENTES PESSOAIS<\/h3><p class=\"elementor-image-box-description\">Seguro de Acidentes Pessoais garante o pagamento do Capital Segurado em caso de invalidez permanente total ou parcial por acidente ou ao(s) benefici\u00e1rio(s) em caso de falecimento do segurado em caso de morte acidental.<\/p><\/div><\/div>\t\t\t\t<\/div>\n\t\t\t\t<\/div>\n\t\t\t\t<div class=\"elementor-element elementor-element-6e35678 elementor-position-top elementor-widget elementor-widget-image-box\" data-id=\"6e35678\" data-element_type=\"widget\" data-e-type=\"widget\" data-widget_type=\"image-box.default\">\n\t\t\t\t<div class=\"elementor-widget-container\">\n\t\t\t\t\t<div class=\"elementor-image-box-wrapper\"><figure class=\"elementor-image-box-img\"><img decoding=\"async\" width=\"35\" height=\"22\" src=\"https:\/\/touaregsegurospb.com.br\/wp-content\/uploads\/2024\/09\/10.png\" class=\"attachment-full size-full wp-image-367\" alt=\"\" \/><\/figure><div class=\"elementor-image-box-content\"><h3 class=\"elementor-image-box-title\">AP\u00d3LICE AFINIDADE PARA AUTOM\u00d3VEL<\/h3><p class=\"elementor-image-box-description\">\u00c9 um programa de desconto no seguro de autom\u00f3vel para funcion\u00e1rios, ascendentes e descendentes.<\/p><\/div><\/div>\t\t\t\t<\/div>\n\t\t\t\t<\/div>\n\t\t\t\t\t<\/div>\n\t\t\t\t<\/div>\n\t\t\t\t<\/div>\n\t\t","protected":false},"excerpt":{"rendered":"<p>Afinidades Afinidades possuimos um grande portf\u00f3lio de produtos para a prote\u00e7\u00e3o de pessoas. Afinidades\u00a0\u00e9 uma solu\u00e7\u00e3o que disponibiliza uma s\u00e9rie de seguros massificados por meio de grupos que est\u00e3o relacionados aos servi\u00e7os da sua empresa. Com Afinidades voc\u00ea pode agregar valor aos produtos e servi\u00e7os j\u00e1 oferecidos. Contrata\u00e7\u00e3o Simplificada; Garantias Inovadoras; Tecnologia; Personaliza\u00e7\u00e3o. \u00a0 ROUBO&hellip;&nbsp;<a href=\"https:\/\/touaregsegurospb.com.br\/?page_id=32\" rel=\"bookmark\"><span class=\"screen-reader-text\">Afinidades<\/span><\/a><\/p>\n","protected":false},"author":1,"featured_media":0,"parent":0,"menu_order":0,"comment_status":"closed","ping_status":"closed","template":"page-templates\/template-pagebuilder-full-width.php","meta":{"neve_meta_sidebar":"","neve_meta_container":"","neve_meta_enable_content_width":"","neve_meta_content_width":0,"neve_meta_title_alignment":"","neve_meta_author_avatar":"","neve_post_elements_order":"","neve_meta_disable_header":"","neve_meta_disable_footer":"","neve_meta_disable_title":"","neve_meta_reading_time":"","footnotes":""},"class_list":["post-32","page","type-page","status-publish","hentry"],"yoast_head":"<!-- This site is optimized with the Yoast SEO Premium plugin v25.9 (Yoast SEO v27.3) - https:\/\/yoast.com\/product\/yoast-seo-premium-wordpress\/ -->\n<title>Afinidades - Touareg Seguros<\/title>\n<meta name=\"robots\" content=\"index, follow, max-snippet:-1, max-image-preview:large, max-video-preview:-1\" \/>\n<link rel=\"canonical\" href=\"https:\/\/touaregsegurospb.com.br\/?page_id=32\" \/>\n<meta property=\"og:locale\" content=\"pt_BR\" \/>\n<meta property=\"og:type\" content=\"article\" \/>\n<meta property=\"og:title\" content=\"Afinidades\" \/>\n<meta property=\"og:description\" content=\"Afinidades Afinidades possuimos um grande portf\u00f3lio de produtos para a prote\u00e7\u00e3o de pessoas. Afinidades\u00a0\u00e9 uma solu\u00e7\u00e3o que disponibiliza uma s\u00e9rie de seguros massificados por meio de grupos que est\u00e3o relacionados aos servi\u00e7os da sua empresa. Com Afinidades voc\u00ea pode agregar valor aos produtos e servi\u00e7os j\u00e1 oferecidos. Contrata\u00e7\u00e3o Simplificada; Garantias Inovadoras; Tecnologia; Personaliza\u00e7\u00e3o. \u00a0 ROUBO&hellip;&nbsp;Afinidades\" \/>\n<meta property=\"og:url\" content=\"https:\/\/touaregsegurospb.com.br\/?page_id=32\" \/>\n<meta property=\"og:site_name\" content=\"Touareg Seguros\" \/>\n<meta property=\"article:modified_time\" content=\"2024-09-07T00:27:14+00:00\" \/>\n<meta property=\"og:image\" content=\"https:\/\/touaregsegurospb.com.br\/wp-content\/uploads\/2024\/09\/dot-150x150-2.png\" \/>\n<meta name=\"twitter:card\" content=\"summary_large_image\" \/>\n<meta name=\"twitter:label1\" content=\"Est. tempo de leitura\" \/>\n\t<meta name=\"twitter:data1\" content=\"3 minutos\" \/>\n<script type=\"application\/ld+json\" class=\"yoast-schema-graph\">{\"@context\":\"https:\\\/\\\/schema.org\",\"@graph\":[{\"@type\":\"WebPage\",\"@id\":\"https:\\\/\\\/touaregsegurospb.com.br\\\/?page_id=32\",\"url\":\"https:\\\/\\\/touaregsegurospb.com.br\\\/?page_id=32\",\"name\":\"Afinidades - Touareg Seguros\",\"isPartOf\":{\"@id\":\"https:\\\/\\\/touaregsegurospb.com.br\\\/#website\"},\"primaryImageOfPage\":{\"@id\":\"https:\\\/\\\/touaregsegurospb.com.br\\\/?page_id=32#primaryimage\"},\"image\":{\"@id\":\"https:\\\/\\\/touaregsegurospb.com.br\\\/?page_id=32#primaryimage\"},\"thumbnailUrl\":\"https:\\\/\\\/touaregsegurospb.com.br\\\/wp-content\\\/uploads\\\/2024\\\/09\\\/dot-150x150-2.png\",\"datePublished\":\"2024-09-06T16:43:23+00:00\",\"dateModified\":\"2024-09-07T00:27:14+00:00\",\"breadcrumb\":{\"@id\":\"https:\\\/\\\/touaregsegurospb.com.br\\\/?page_id=32#breadcrumb\"},\"inLanguage\":\"pt-BR\",\"potentialAction\":[{\"@type\":\"ReadAction\",\"target\":[\"https:\\\/\\\/touaregsegurospb.com.br\\\/?page_id=32\"]}]},{\"@type\":\"ImageObject\",\"inLanguage\":\"pt-BR\",\"@id\":\"https:\\\/\\\/touaregsegurospb.com.br\\\/?page_id=32#primaryimage\",\"url\":\"https:\\\/\\\/touaregsegurospb.com.br\\\/wp-content\\\/uploads\\\/2024\\\/09\\\/dot-150x150-2.png\",\"contentUrl\":\"https:\\\/\\\/touaregsegurospb.com.br\\\/wp-content\\\/uploads\\\/2024\\\/09\\\/dot-150x150-2.png\",\"width\":150,\"height\":150},{\"@type\":\"BreadcrumbList\",\"@id\":\"https:\\\/\\\/touaregsegurospb.com.br\\\/?page_id=32#breadcrumb\",\"itemListElement\":[{\"@type\":\"ListItem\",\"position\":1,\"name\":\"Home\",\"item\":\"https:\\\/\\\/touaregsegurospb.com.br\\\/\"},{\"@type\":\"ListItem\",\"position\":2,\"name\":\"Afinidades\"}]},{\"@type\":\"WebSite\",\"@id\":\"https:\\\/\\\/touaregsegurospb.com.br\\\/#website\",\"url\":\"https:\\\/\\\/touaregsegurospb.com.br\\\/\",\"name\":\"Touareg Seguros\",\"description\":\"Aqui voc\u00ea estar\u00e1 seguro!\",\"publisher\":{\"@id\":\"https:\\\/\\\/touaregsegurospb.com.br\\\/#organization\"},\"potentialAction\":[{\"@type\":\"SearchAction\",\"target\":{\"@type\":\"EntryPoint\",\"urlTemplate\":\"https:\\\/\\\/touaregsegurospb.com.br\\\/?s={search_term_string}\"},\"query-input\":{\"@type\":\"PropertyValueSpecification\",\"valueRequired\":true,\"valueName\":\"search_term_string\"}}],\"inLanguage\":\"pt-BR\"},{\"@type\":\"Organization\",\"@id\":\"https:\\\/\\\/touaregsegurospb.com.br\\\/#organization\",\"name\":\"Touareg Seguros\",\"url\":\"https:\\\/\\\/touaregsegurospb.com.br\\\/\",\"logo\":{\"@type\":\"ImageObject\",\"inLanguage\":\"pt-BR\",\"@id\":\"https:\\\/\\\/touaregsegurospb.com.br\\\/#\\\/schema\\\/logo\\\/image\\\/\",\"url\":\"https:\\\/\\\/touaregsegurospb.com.br\\\/wp-content\\\/uploads\\\/2024\\\/09\\\/Vetorizacao-Touareg-site-1-2.png\",\"contentUrl\":\"https:\\\/\\\/touaregsegurospb.com.br\\\/wp-content\\\/uploads\\\/2024\\\/09\\\/Vetorizacao-Touareg-site-1-2.png\",\"width\":695,\"height\":181,\"caption\":\"Touareg Seguros\"},\"image\":{\"@id\":\"https:\\\/\\\/touaregsegurospb.com.br\\\/#\\\/schema\\\/logo\\\/image\\\/\"}}]}<\/script>\n<!-- \/ Yoast SEO Premium plugin. -->","yoast_head_json":{"title":"Afinidades - Touareg Seguros","robots":{"index":"index","follow":"follow","max-snippet":"max-snippet:-1","max-image-preview":"max-image-preview:large","max-video-preview":"max-video-preview:-1"},"canonical":"https:\/\/touaregsegurospb.com.br\/?page_id=32","og_locale":"pt_BR","og_type":"article","og_title":"Afinidades","og_description":"Afinidades Afinidades possuimos um grande portf\u00f3lio de produtos para a prote\u00e7\u00e3o de pessoas. Afinidades\u00a0\u00e9 uma solu\u00e7\u00e3o que disponibiliza uma s\u00e9rie de seguros massificados por meio de grupos que est\u00e3o relacionados aos servi\u00e7os da sua empresa. Com Afinidades voc\u00ea pode agregar valor aos produtos e servi\u00e7os j\u00e1 oferecidos. Contrata\u00e7\u00e3o Simplificada; Garantias Inovadoras; Tecnologia; Personaliza\u00e7\u00e3o. \u00a0 ROUBO&hellip;&nbsp;Afinidades","og_url":"https:\/\/touaregsegurospb.com.br\/?page_id=32","og_site_name":"Touareg Seguros","article_modified_time":"2024-09-07T00:27:14+00:00","og_image":[{"url":"https:\/\/touaregsegurospb.com.br\/wp-content\/uploads\/2024\/09\/dot-150x150-2.png","type":"","width":"","height":""}],"twitter_card":"summary_large_image","twitter_misc":{"Est. tempo de leitura":"3 minutos"},"schema":{"@context":"https:\/\/schema.org","@graph":[{"@type":"WebPage","@id":"https:\/\/touaregsegurospb.com.br\/?page_id=32","url":"https:\/\/touaregsegurospb.com.br\/?page_id=32","name":"Afinidades - Touareg Seguros","isPartOf":{"@id":"https:\/\/touaregsegurospb.com.br\/#website"},"primaryImageOfPage":{"@id":"https:\/\/touaregsegurospb.com.br\/?page_id=32#primaryimage"},"image":{"@id":"https:\/\/touaregsegurospb.com.br\/?page_id=32#primaryimage"},"thumbnailUrl":"https:\/\/touaregsegurospb.com.br\/wp-content\/uploads\/2024\/09\/dot-150x150-2.png","datePublished":"2024-09-06T16:43:23+00:00","dateModified":"2024-09-07T00:27:14+00:00","breadcrumb":{"@id":"https:\/\/touaregsegurospb.com.br\/?page_id=32#breadcrumb"},"inLanguage":"pt-BR","potentialAction":[{"@type":"ReadAction","target":["https:\/\/touaregsegurospb.com.br\/?page_id=32"]}]},{"@type":"ImageObject","inLanguage":"pt-BR","@id":"https:\/\/touaregsegurospb.com.br\/?page_id=32#primaryimage","url":"https:\/\/touaregsegurospb.com.br\/wp-content\/uploads\/2024\/09\/dot-150x150-2.png","contentUrl":"https:\/\/touaregsegurospb.com.br\/wp-content\/uploads\/2024\/09\/dot-150x150-2.png","width":150,"height":150},{"@type":"BreadcrumbList","@id":"https:\/\/touaregsegurospb.com.br\/?page_id=32#breadcrumb","itemListElement":[{"@type":"ListItem","position":1,"name":"Home","item":"https:\/\/touaregsegurospb.com.br\/"},{"@type":"ListItem","position":2,"name":"Afinidades"}]},{"@type":"WebSite","@id":"https:\/\/touaregsegurospb.com.br\/#website","url":"https:\/\/touaregsegurospb.com.br\/","name":"Touareg Seguros","description":"Aqui voc\u00ea estar\u00e1 seguro!","publisher":{"@id":"https:\/\/touaregsegurospb.com.br\/#organization"},"potentialAction":[{"@type":"SearchAction","target":{"@type":"EntryPoint","urlTemplate":"https:\/\/touaregsegurospb.com.br\/?s={search_term_string}"},"query-input":{"@type":"PropertyValueSpecification","valueRequired":true,"valueName":"search_term_string"}}],"inLanguage":"pt-BR"},{"@type":"Organization","@id":"https:\/\/touaregsegurospb.com.br\/#organization","name":"Touareg Seguros","url":"https:\/\/touaregsegurospb.com.br\/","logo":{"@type":"ImageObject","inLanguage":"pt-BR","@id":"https:\/\/touaregsegurospb.com.br\/#\/schema\/logo\/image\/","url":"https:\/\/touaregsegurospb.com.br\/wp-content\/uploads\/2024\/09\/Vetorizacao-Touareg-site-1-2.png","contentUrl":"https:\/\/touaregsegurospb.com.br\/wp-content\/uploads\/2024\/09\/Vetorizacao-Touareg-site-1-2.png","width":695,"height":181,"caption":"Touareg Seguros"},"image":{"@id":"https:\/\/touaregsegurospb.com.br\/#\/schema\/logo\/image\/"}}]}},"_links":{"self":[{"href":"https:\/\/touaregsegurospb.com.br\/index.php?rest_route=\/wp\/v2\/pages\/32","targetHints":{"allow":["GET"]}}],"collection":[{"href":"https:\/\/touaregsegurospb.com.br\/index.php?rest_route=\/wp\/v2\/pages"}],"about":[{"href":"https:\/\/touaregsegurospb.com.br\/index.php?rest_route=\/wp\/v2\/types\/page"}],"author":[{"embeddable":true,"href":"https:\/\/touaregsegurospb.com.br\/index.php?rest_route=\/wp\/v2\/users\/1"}],"replies":[{"embeddable":true,"href":"https:\/\/touaregsegurospb.com.br\/index.php?rest_route=%2Fwp%2Fv2%2Fcomments&post=32"}],"version-history":[{"count":64,"href":"https:\/\/touaregsegurospb.com.br\/index.php?rest_route=\/wp\/v2\/pages\/32\/revisions"}],"predecessor-version":[{"id":533,"href":"https:\/\/touaregsegurospb.com.br\/index.php?rest_route=\/wp\/v2\/pages\/32\/revisions\/533"}],"wp:attachment":[{"href":"https:\/\/touaregsegurospb.com.br\/index.php?rest_route=%2Fwp%2Fv2%2Fmedia&parent=32"}],"curies":[{"name":"wp","href":"https:\/\/api.w.org\/{rel}","templated":true}]}}