{"id":879,"date":"2024-09-07T22:49:36","date_gmt":"2024-09-08T01:49:36","guid":{"rendered":"https:\/\/touaregsegurospb.com.br\/?page_id=879"},"modified":"2024-11-24T20:55:59","modified_gmt":"2024-11-24T23:55:59","slug":"pra-voce","status":"publish","type":"page","link":"https:\/\/touaregsegurospb.com.br\/?page_id=879","title":{"rendered":"Pra Voc\u00ea"},"content":{"rendered":"\t\t<div data-elementor-type=\"wp-page\" data-elementor-id=\"879\" class=\"elementor elementor-879\" data-elementor-post-type=\"page\">\n\t\t\t\t<div class=\"elementor-element elementor-element-d1d95da e-con-full e-flex e-con e-parent\" data-id=\"d1d95da\" data-element_type=\"container\" data-e-type=\"container\">\n\t\t\t\t<div class=\"elementor-element elementor-element-4c53a06 elementor-widget__width-inherit elementor--h-position-center elementor--v-position-middle elementor-arrows-position-inside elementor-pagination-position-inside elementor-widget elementor-widget-slides\" data-id=\"4c53a06\" data-element_type=\"widget\" data-e-type=\"widget\" data-settings=\"{&quot;navigation&quot;:&quot;both&quot;,&quot;autoplay&quot;:&quot;yes&quot;,&quot;pause_on_hover&quot;:&quot;yes&quot;,&quot;pause_on_interaction&quot;:&quot;yes&quot;,&quot;autoplay_speed&quot;:5000,&quot;infinite&quot;:&quot;yes&quot;,&quot;transition&quot;:&quot;slide&quot;,&quot;transition_speed&quot;:500}\" data-widget_type=\"slides.default\">\n\t\t\t\t<div class=\"elementor-widget-container\">\n\t\t\t\t\t\t\t\t\t<div class=\"elementor-swiper\">\n\t\t\t\t\t<div class=\"elementor-slides-wrapper elementor-main-swiper swiper\" role=\"region\" aria-roledescription=\"carousel\" aria-label=\"Slides\" dir=\"ltr\" data-animation=\"fadeInUp\">\n\t\t\t\t<div class=\"swiper-wrapper elementor-slides\">\n\t\t\t\t\t\t\t\t\t\t<div class=\"elementor-repeater-item-7f44f7a swiper-slide\" role=\"group\" aria-roledescription=\"slide\"><div class=\"swiper-slide-bg\" role=\"img\" aria-label=\"Seguro Auto\"><\/div><div class=\"swiper-slide-inner\" ><div class=\"swiper-slide-contents\"><div class=\"elementor-slide-heading\">Pra Voc\u00ea<\/div><\/div><\/div><\/div>\t\t\t\t<\/div>\n\t\t\t\t\t\t\t<\/div>\n\t\t\t\t<\/div>\n\t\t\t\t\t\t\t\t<\/div>\n\t\t\t\t<\/div>\n\t\t\t\t<\/div>\n\t\t<div class=\"elementor-element elementor-element-76d1e29 e-flex e-con-boxed e-con e-parent\" data-id=\"76d1e29\" data-element_type=\"container\" data-e-type=\"container\" data-settings=\"{&quot;background_background&quot;:&quot;classic&quot;}\">\n\t\t\t\t\t<div class=\"e-con-inner\">\n\t\t<div class=\"elementor-element elementor-element-289b173 e-con-full e-flex e-con e-child\" data-id=\"289b173\" data-element_type=\"container\" data-e-type=\"container\">\n\t\t\t\t<div class=\"elementor-element elementor-element-fbc6714 elementor-widget__width-inherit elementor-widget-tablet__width-initial elementor-position-top elementor-widget elementor-widget-image-box\" data-id=\"fbc6714\" data-element_type=\"widget\" data-e-type=\"widget\" data-widget_type=\"image-box.default\">\n\t\t\t\t<div class=\"elementor-widget-container\">\n\t\t\t\t\t<div class=\"elementor-image-box-wrapper\"><figure class=\"elementor-image-box-img\"><img fetchpriority=\"high\" decoding=\"async\" width=\"502\" height=\"503\" src=\"https:\/\/touaregsegurospb.com.br\/wp-content\/uploads\/2024\/09\/logo01-2.png\" class=\"attachment-full size-full wp-image-797\" alt=\"\" \/><\/figure><div class=\"elementor-image-box-content\"><h3 class=\"elementor-image-box-title\">seguros individuais<\/h3><\/div><\/div>\t\t\t\t<\/div>\n\t\t\t\t<\/div>\n\t\t\t\t<div class=\"elementor-element elementor-element-11cbc78 elementor-widget__width-inherit elementor-widget-tablet__width-inherit elementor-widget-mobile__width-inherit elementor-tablet-align-center elementor-mobile-align-start elementor-icon-list--layout-traditional elementor-list-item-link-full_width elementor-widget elementor-widget-icon-list\" data-id=\"11cbc78\" data-element_type=\"widget\" data-e-type=\"widget\" data-widget_type=\"icon-list.default\">\n\t\t\t\t<div class=\"elementor-widget-container\">\n\t\t\t\t\t\t\t<ul class=\"elementor-icon-list-items\">\n\t\t\t\t\t\t\t<li class=\"elementor-icon-list-item\">\n\t\t\t\t\t\t\t\t\t\t<span class=\"elementor-icon-list-text\">Um seguro pessoal para cada momento da sua vida.<\/span>\n\t\t\t\t\t\t\t\t\t<\/li>\n\t\t\t\t\t\t\t\t<li class=\"elementor-icon-list-item\">\n\t\t\t\t\t\t\t\t\t\t<span class=\"elementor-icon-list-text\">O dia a dia \u00e9 cheio de imprevistos que podem dar uma grande dor de cabe\u00e7a, mas todos eles podem ser prevenidos com seguros pessoais, para que voc\u00ea tenha a tranquilidade de viver a vida sem alguns problemas. Conte conosco para ajudar voc\u00ea em diversos momentos, desde um passeio de bicicleta at\u00e9 uma viagem internacional.<\/span>\n\t\t\t\t\t\t\t\t\t<\/li>\n\t\t\t\t\t\t<\/ul>\n\t\t\t\t\t\t<\/div>\n\t\t\t\t<\/div>\n\t\t\t\t<div class=\"elementor-element elementor-element-32022bb elementor-align-justify elementor-widget__width-initial elementor-widget-mobile__width-inherit elementor-mobile-align-justify bot elementor-widget elementor-widget-button\" data-id=\"32022bb\" data-element_type=\"widget\" data-e-type=\"widget\" data-widget_type=\"button.default\">\n\t\t\t\t<div class=\"elementor-widget-container\">\n\t\t\t\t\t\t\t\t\t<div class=\"elementor-button-wrapper\">\n\t\t\t\t\t<a class=\"elementor-button elementor-button-link elementor-size-md elementor-animation-bob\" href=\"https:\/\/contate.me\/touaregcampinagrande\" id=\"botaum\">\n\t\t\t\t\t\t<span class=\"elementor-button-content-wrapper\">\n\t\t\t\t\t\t\t\t\t<span class=\"elementor-button-text\">Fazer Cota\u00e7\u00e3o<\/span>\n\t\t\t\t\t<\/span>\n\t\t\t\t\t<\/a>\n\t\t\t\t<\/div>\n\t\t\t\t\t\t\t\t<\/div>\n\t\t\t\t<\/div>\n\t\t\t\t<\/div>\n\t\t\t\t<div class=\"elementor-element elementor-element-fc1ad63 elementor-widget__width-initial elementor-widget-mobile__width-inherit elementor-widget elementor-widget-image\" data-id=\"fc1ad63\" data-element_type=\"widget\" data-e-type=\"widget\" data-widget_type=\"image.default\">\n\t\t\t\t<div class=\"elementor-widget-container\">\n\t\t\t\t\t\t\t\t\t\t\t\t\t\t\t<img decoding=\"async\" width=\"450\" height=\"600\" src=\"https:\/\/touaregsegurospb.com.br\/wp-content\/uploads\/2024\/09\/knox4-q4bt6tfwhyd1q2p866bt3gfx2irl37jtwwt1pq2meo-1.jpg\" class=\"attachment-large size-large wp-image-69\" alt=\"\" \/>\t\t\t\t\t\t\t\t\t\t\t\t\t\t\t<\/div>\n\t\t\t\t<\/div>\n\t\t\t\t\t<\/div>\n\t\t\t\t<\/div>\n\t\t<div class=\"elementor-element elementor-element-b0d9230 e-con-full e-flex e-con e-parent\" data-id=\"b0d9230\" data-element_type=\"container\" data-e-type=\"container\" data-settings=\"{&quot;background_background&quot;:&quot;classic&quot;}\">\n\t\t<div class=\"elementor-element elementor-element-aef3311 e-grid e-con-full e-con e-child\" data-id=\"aef3311\" data-element_type=\"container\" data-e-type=\"container\">\n\t\t\t\t<div class=\"elementor-element elementor-element-81d01e8 elementor-position-top elementor-widget elementor-widget-image-box\" data-id=\"81d01e8\" data-element_type=\"widget\" data-e-type=\"widget\" data-widget_type=\"image-box.default\">\n\t\t\t\t<div class=\"elementor-widget-container\">\n\t\t\t\t\t<div class=\"elementor-image-box-wrapper\"><figure class=\"elementor-image-box-img\"><img decoding=\"async\" width=\"80\" height=\"66\" src=\"https:\/\/touaregsegurospb.com.br\/wp-content\/uploads\/2024\/09\/01.png\" class=\"attachment-full size-full wp-image-310\" alt=\"\" \/><\/figure><div class=\"elementor-image-box-content\"><h3 class=\"elementor-image-box-title\">SEGURO DE AUTOM\u00d3VEL<\/h3><p class=\"elementor-image-box-description\">Com o seguro de autom\u00f3veis, voc\u00ea garante a preserva\u00e7\u00e3o de seu patrim\u00f4nio. Al\u00e9m da cobertura de roubo, inc\u00eandio e colis\u00e3o, voc\u00ea pode adquirir diversos servi\u00e7os que asseguram sua seguran\u00e7a em caso de eventuais transtornos.<\/p><\/div><\/div>\t\t\t\t<\/div>\n\t\t\t\t<\/div>\n\t\t\t\t<div class=\"elementor-element elementor-element-c5ceaa3 elementor-position-top elementor-widget elementor-widget-image-box\" data-id=\"c5ceaa3\" data-element_type=\"widget\" data-e-type=\"widget\" data-widget_type=\"image-box.default\">\n\t\t\t\t<div class=\"elementor-widget-container\">\n\t\t\t\t\t<div class=\"elementor-image-box-wrapper\"><figure class=\"elementor-image-box-img\"><img loading=\"lazy\" decoding=\"async\" width=\"89\" height=\"83\" src=\"https:\/\/touaregsegurospb.com.br\/wp-content\/uploads\/2024\/09\/02.png\" class=\"attachment-full size-full wp-image-311\" alt=\"\" \/><\/figure><div class=\"elementor-image-box-content\"><h3 class=\"elementor-image-box-title\">SEGURO RESIDENCIAL<\/h3><p class=\"elementor-image-box-description\">O seguro Residencial \u00e9 abrangente, flex\u00edvel, e custa menos do que voc\u00ea imagina. Voc\u00ea pode contar com uma assist\u00eancia 24h com atendimento d chaveiros, eletricistas, encanadores e tantos outros.<\/p><\/div><\/div>\t\t\t\t<\/div>\n\t\t\t\t<\/div>\n\t\t\t\t<div class=\"elementor-element elementor-element-af42ab0 elementor-position-top elementor-widget elementor-widget-image-box\" data-id=\"af42ab0\" data-element_type=\"widget\" data-e-type=\"widget\" data-widget_type=\"image-box.default\">\n\t\t\t\t<div class=\"elementor-widget-container\">\n\t\t\t\t\t<div class=\"elementor-image-box-wrapper\"><figure class=\"elementor-image-box-img\"><img loading=\"lazy\" decoding=\"async\" width=\"111\" height=\"88\" src=\"https:\/\/touaregsegurospb.com.br\/wp-content\/uploads\/2024\/09\/03.png\" class=\"attachment-full size-full wp-image-312\" alt=\"\" \/><\/figure><div class=\"elementor-image-box-content\"><h3 class=\"elementor-image-box-title\">SEGURO DE VIDA  - ACIDENTES PESSOAIS<\/h3><p class=\"elementor-image-box-description\">O seguro de Acidentes Pessoais garante o pagamento do Capital Segurado em caso de invalidez permanente total ou parcial por acidentes ou ao(s) benefici\u00e1rio(s) em caso de falecimento do segurado em caso de morte acidental.<\/p><\/div><\/div>\t\t\t\t<\/div>\n\t\t\t\t<\/div>\n\t\t\t\t<div class=\"elementor-element elementor-element-629f9ba elementor-position-top elementor-widget elementor-widget-image-box\" data-id=\"629f9ba\" data-element_type=\"widget\" data-e-type=\"widget\" data-widget_type=\"image-box.default\">\n\t\t\t\t<div class=\"elementor-widget-container\">\n\t\t\t\t\t<div class=\"elementor-image-box-wrapper\"><figure class=\"elementor-image-box-img\"><img loading=\"lazy\" decoding=\"async\" width=\"79\" height=\"74\" src=\"https:\/\/touaregsegurospb.com.br\/wp-content\/uploads\/2024\/09\/04.png\" class=\"attachment-full size-full wp-image-313\" alt=\"\" \/><\/figure><div class=\"elementor-image-box-content\"><h3 class=\"elementor-image-box-title\">DIT - SERIT<\/h3><p class=\"elementor-image-box-description\">O objetivo deste seguro \u00e9 garantir o pagamento de di\u00e1rias ao segurado, desde que fique comprovado seu total, cont\u00ednuo, por\u00e9m tempor\u00e1rio, afastamento de todas as atividades remuneradas, em consequ\u00eancia de doen\u00e7a ou acidente pessoal.<\/p><\/div><\/div>\t\t\t\t<\/div>\n\t\t\t\t<\/div>\n\t\t\t\t<div class=\"elementor-element elementor-element-6de4e48 elementor-position-top elementor-widget elementor-widget-image-box\" data-id=\"6de4e48\" data-element_type=\"widget\" data-e-type=\"widget\" data-widget_type=\"image-box.default\">\n\t\t\t\t<div class=\"elementor-widget-container\">\n\t\t\t\t\t<div class=\"elementor-image-box-wrapper\"><figure class=\"elementor-image-box-img\"><img loading=\"lazy\" decoding=\"async\" width=\"79\" height=\"79\" src=\"https:\/\/touaregsegurospb.com.br\/wp-content\/uploads\/2024\/09\/05.png\" class=\"attachment-full size-full wp-image-314\" alt=\"\" \/><\/figure><div class=\"elementor-image-box-content\"><h3 class=\"elementor-image-box-title\">SEGURO FIAN\u00c7A LOCAT\u00cdCIA<\/h3><p class=\"elementor-image-box-description\">Este seguro visa a garantia de pagamento do aluguel e multas morat\u00f3rias, podendo haver a contrata\u00e7\u00e3o de coberturas adicionais relativas a despesas relativas ao im\u00f3vel.<\/p><\/div><\/div>\t\t\t\t<\/div>\n\t\t\t\t<\/div>\n\t\t\t\t<div class=\"elementor-element elementor-element-5a67f65 elementor-position-top elementor-widget elementor-widget-image-box\" data-id=\"5a67f65\" data-element_type=\"widget\" data-e-type=\"widget\" data-widget_type=\"image-box.default\">\n\t\t\t\t<div class=\"elementor-widget-container\">\n\t\t\t\t\t<div class=\"elementor-image-box-wrapper\"><figure class=\"elementor-image-box-img\"><img loading=\"lazy\" decoding=\"async\" width=\"79\" height=\"79\" src=\"https:\/\/touaregsegurospb.com.br\/wp-content\/uploads\/2024\/09\/05.png\" class=\"attachment-full size-full wp-image-314\" alt=\"\" \/><\/figure><div class=\"elementor-image-box-content\"><h3 class=\"elementor-image-box-title\">PLANO DE SA\u00daDE PARA PESSOA F\u00cdSICA<\/h3><p class=\"elementor-image-box-description\">As solu\u00e7\u00f5es em seguro sa\u00fade, visam prevenir e suprir qualquer necessidade m\u00e9dica que voc\u00ea venha a ter. As op\u00e7\u00f5es de cobertura podem ser personalizadas para atende-lo da melhor forma. Imprevistos acontecem, esteja segurado.<\/p><\/div><\/div>\t\t\t\t<\/div>\n\t\t\t\t<\/div>\n\t\t\t\t<div class=\"elementor-element elementor-element-ad08b1c elementor-position-top elementor-widget elementor-widget-image-box\" data-id=\"ad08b1c\" data-element_type=\"widget\" data-e-type=\"widget\" data-widget_type=\"image-box.default\">\n\t\t\t\t<div class=\"elementor-widget-container\">\n\t\t\t\t\t<div class=\"elementor-image-box-wrapper\"><figure class=\"elementor-image-box-img\"><img loading=\"lazy\" decoding=\"async\" width=\"79\" height=\"79\" src=\"https:\/\/touaregsegurospb.com.br\/wp-content\/uploads\/2024\/09\/05.png\" class=\"attachment-full size-full wp-image-314\" alt=\"\" \/><\/figure><div class=\"elementor-image-box-content\"><h3 class=\"elementor-image-box-title\">RC PROFISSIONAL<\/h3><p class=\"elementor-image-box-description\">O objetivo do presente seguro \u00e9 o pagamento, a t\u00edtulo de indeniza\u00e7\u00e3o securit\u00e1ria, das quantias pelas quais o segurado vier a ser respons\u00e1vel civilmente.<\/p><\/div><\/div>\t\t\t\t<\/div>\n\t\t\t\t<\/div>\n\t\t\t\t<div class=\"elementor-element elementor-element-ad1a0b0 elementor-position-top elementor-widget elementor-widget-image-box\" data-id=\"ad1a0b0\" data-element_type=\"widget\" data-e-type=\"widget\" data-widget_type=\"image-box.default\">\n\t\t\t\t<div class=\"elementor-widget-container\">\n\t\t\t\t\t<div class=\"elementor-image-box-wrapper\"><figure class=\"elementor-image-box-img\"><img loading=\"lazy\" decoding=\"async\" width=\"79\" height=\"79\" src=\"https:\/\/touaregsegurospb.com.br\/wp-content\/uploads\/2024\/09\/05.png\" class=\"attachment-full size-full wp-image-314\" alt=\"\" \/><\/figure><div class=\"elementor-image-box-content\"><h3 class=\"elementor-image-box-title\">SEGURO DE EQUIPAMENTOS PORT\u00c1TEIS<\/h3><p class=\"elementor-image-box-description\">O Seguro de Equipamentos Port\u00e1teis visa garantir a cobertura de danos f\u00edsicos ao bem em decorr\u00eancia de queda, roubo ou danos el\u00e9tricos.<\/p><\/div><\/div>\t\t\t\t<\/div>\n\t\t\t\t<\/div>\n\t\t\t\t<\/div>\n\t\t\t\t<div class=\"elementor-element elementor-element-ec711e7 elementor-widget__width-initial elementor-widget elementor-widget-image-box\" data-id=\"ec711e7\" data-element_type=\"widget\" data-e-type=\"widget\" data-widget_type=\"image-box.default\">\n\t\t\t\t<div class=\"elementor-widget-container\">\n\t\t\t\t\t<div class=\"elementor-image-box-wrapper\"><div class=\"elementor-image-box-content\"><h3 class=\"elementor-image-box-title\">O seu seguro ideal<\/h3><p class=\"elementor-image-box-description\">J\u00e1 pensou ter um seguro pensado sob medida para voc\u00ea? O Seguro Ideal \u00e9 aquele que atende suas necessidades e cabe no seu bolso. Oferecemos um produto totalmente personalizado de acordo com o seu perfil e um atendimento diferenciado com um consultor sempre pr\u00f3ximo a voc\u00ea. \u00c9 r\u00e1pido, simples e f\u00e1cil.<\/p><\/div><\/div>\t\t\t\t<\/div>\n\t\t\t\t<\/div>\n\t\t\t\t<\/div>\n\t\t\t\t<\/div>\n\t\t","protected":false},"excerpt":{"rendered":"<p>Pra Voc\u00ea seguros individuais Um seguro pessoal para cada momento da sua vida. O dia a dia \u00e9 cheio de imprevistos que podem dar uma grande dor de cabe\u00e7a, mas todos eles podem ser prevenidos com seguros pessoais, para que voc\u00ea tenha a tranquilidade de viver a vida sem alguns problemas. Conte conosco para ajudar&hellip;&nbsp;<a href=\"https:\/\/touaregsegurospb.com.br\/?page_id=879\" rel=\"bookmark\"><span class=\"screen-reader-text\">Pra Voc\u00ea<\/span><\/a><\/p>\n","protected":false},"author":1,"featured_media":0,"parent":0,"menu_order":0,"comment_status":"closed","ping_status":"closed","template":"page-templates\/template-pagebuilder-full-width.php","meta":{"neve_meta_sidebar":"","neve_meta_container":"","neve_meta_enable_content_width":"","neve_meta_content_width":0,"neve_meta_title_alignment":"","neve_meta_author_avatar":"","neve_post_elements_order":"","neve_meta_disable_header":"","neve_meta_disable_footer":"","neve_meta_disable_title":"","neve_meta_reading_time":"","footnotes":""},"class_list":["post-879","page","type-page","status-publish","hentry"],"yoast_head":"<!-- This site is optimized with the Yoast SEO Premium plugin v25.9 (Yoast SEO v27.3) - https:\/\/yoast.com\/product\/yoast-seo-premium-wordpress\/ -->\n<title>Pra Voc\u00ea - Touareg Seguros<\/title>\n<meta name=\"robots\" content=\"index, follow, max-snippet:-1, max-image-preview:large, max-video-preview:-1\" \/>\n<link rel=\"canonical\" href=\"https:\/\/touaregsegurospb.com.br\/?page_id=879\" \/>\n<meta property=\"og:locale\" content=\"pt_BR\" \/>\n<meta property=\"og:type\" content=\"article\" \/>\n<meta property=\"og:title\" content=\"Pra Voc\u00ea\" \/>\n<meta property=\"og:description\" content=\"Pra Voc\u00ea seguros individuais Um seguro pessoal para cada momento da sua vida. O dia a dia \u00e9 cheio de imprevistos que podem dar uma grande dor de cabe\u00e7a, mas todos eles podem ser prevenidos com seguros pessoais, para que voc\u00ea tenha a tranquilidade de viver a vida sem alguns problemas. Conte conosco para ajudar&hellip;&nbsp;Pra Voc\u00ea\" \/>\n<meta property=\"og:url\" content=\"https:\/\/touaregsegurospb.com.br\/?page_id=879\" \/>\n<meta property=\"og:site_name\" content=\"Touareg Seguros\" \/>\n<meta property=\"article:modified_time\" content=\"2024-11-24T23:55:59+00:00\" \/>\n<meta property=\"og:image\" content=\"https:\/\/touaregsegurospb.com.br\/wp-content\/uploads\/2024\/09\/logo01-2.png\" \/>\n\t<meta property=\"og:image:width\" content=\"502\" \/>\n\t<meta property=\"og:image:height\" content=\"503\" \/>\n\t<meta property=\"og:image:type\" content=\"image\/png\" \/>\n<meta name=\"twitter:card\" content=\"summary_large_image\" \/>\n<meta name=\"twitter:label1\" content=\"Est. tempo de leitura\" \/>\n\t<meta name=\"twitter:data1\" content=\"5 minutos\" \/>\n<script type=\"application\/ld+json\" class=\"yoast-schema-graph\">{\"@context\":\"https:\\\/\\\/schema.org\",\"@graph\":[{\"@type\":\"WebPage\",\"@id\":\"https:\\\/\\\/touaregsegurospb.com.br\\\/?page_id=879\",\"url\":\"https:\\\/\\\/touaregsegurospb.com.br\\\/?page_id=879\",\"name\":\"Pra Voc\u00ea - Touareg Seguros\",\"isPartOf\":{\"@id\":\"https:\\\/\\\/touaregsegurospb.com.br\\\/#website\"},\"primaryImageOfPage\":{\"@id\":\"https:\\\/\\\/touaregsegurospb.com.br\\\/?page_id=879#primaryimage\"},\"image\":{\"@id\":\"https:\\\/\\\/touaregsegurospb.com.br\\\/?page_id=879#primaryimage\"},\"thumbnailUrl\":\"https:\\\/\\\/touaregsegurospb.com.br\\\/wp-content\\\/uploads\\\/2024\\\/09\\\/logo01-2.png\",\"datePublished\":\"2024-09-08T01:49:36+00:00\",\"dateModified\":\"2024-11-24T23:55:59+00:00\",\"breadcrumb\":{\"@id\":\"https:\\\/\\\/touaregsegurospb.com.br\\\/?page_id=879#breadcrumb\"},\"inLanguage\":\"pt-BR\",\"potentialAction\":[{\"@type\":\"ReadAction\",\"target\":[\"https:\\\/\\\/touaregsegurospb.com.br\\\/?page_id=879\"]}]},{\"@type\":\"ImageObject\",\"inLanguage\":\"pt-BR\",\"@id\":\"https:\\\/\\\/touaregsegurospb.com.br\\\/?page_id=879#primaryimage\",\"url\":\"https:\\\/\\\/touaregsegurospb.com.br\\\/wp-content\\\/uploads\\\/2024\\\/09\\\/logo01-2.png\",\"contentUrl\":\"https:\\\/\\\/touaregsegurospb.com.br\\\/wp-content\\\/uploads\\\/2024\\\/09\\\/logo01-2.png\",\"width\":502,\"height\":503},{\"@type\":\"BreadcrumbList\",\"@id\":\"https:\\\/\\\/touaregsegurospb.com.br\\\/?page_id=879#breadcrumb\",\"itemListElement\":[{\"@type\":\"ListItem\",\"position\":1,\"name\":\"Home\",\"item\":\"https:\\\/\\\/touaregsegurospb.com.br\\\/\"},{\"@type\":\"ListItem\",\"position\":2,\"name\":\"Pra Voc\u00ea\"}]},{\"@type\":\"WebSite\",\"@id\":\"https:\\\/\\\/touaregsegurospb.com.br\\\/#website\",\"url\":\"https:\\\/\\\/touaregsegurospb.com.br\\\/\",\"name\":\"Touareg Seguros\",\"description\":\"Aqui voc\u00ea estar\u00e1 seguro!\",\"publisher\":{\"@id\":\"https:\\\/\\\/touaregsegurospb.com.br\\\/#organization\"},\"potentialAction\":[{\"@type\":\"SearchAction\",\"target\":{\"@type\":\"EntryPoint\",\"urlTemplate\":\"https:\\\/\\\/touaregsegurospb.com.br\\\/?s={search_term_string}\"},\"query-input\":{\"@type\":\"PropertyValueSpecification\",\"valueRequired\":true,\"valueName\":\"search_term_string\"}}],\"inLanguage\":\"pt-BR\"},{\"@type\":\"Organization\",\"@id\":\"https:\\\/\\\/touaregsegurospb.com.br\\\/#organization\",\"name\":\"Touareg Seguros\",\"url\":\"https:\\\/\\\/touaregsegurospb.com.br\\\/\",\"logo\":{\"@type\":\"ImageObject\",\"inLanguage\":\"pt-BR\",\"@id\":\"https:\\\/\\\/touaregsegurospb.com.br\\\/#\\\/schema\\\/logo\\\/image\\\/\",\"url\":\"https:\\\/\\\/touaregsegurospb.com.br\\\/wp-content\\\/uploads\\\/2024\\\/09\\\/Vetorizacao-Touareg-site-1-2.png\",\"contentUrl\":\"https:\\\/\\\/touaregsegurospb.com.br\\\/wp-content\\\/uploads\\\/2024\\\/09\\\/Vetorizacao-Touareg-site-1-2.png\",\"width\":695,\"height\":181,\"caption\":\"Touareg Seguros\"},\"image\":{\"@id\":\"https:\\\/\\\/touaregsegurospb.com.br\\\/#\\\/schema\\\/logo\\\/image\\\/\"}}]}<\/script>\n<!-- \/ Yoast SEO Premium plugin. -->","yoast_head_json":{"title":"Pra Voc\u00ea - Touareg Seguros","robots":{"index":"index","follow":"follow","max-snippet":"max-snippet:-1","max-image-preview":"max-image-preview:large","max-video-preview":"max-video-preview:-1"},"canonical":"https:\/\/touaregsegurospb.com.br\/?page_id=879","og_locale":"pt_BR","og_type":"article","og_title":"Pra Voc\u00ea","og_description":"Pra Voc\u00ea seguros individuais Um seguro pessoal para cada momento da sua vida. O dia a dia \u00e9 cheio de imprevistos que podem dar uma grande dor de cabe\u00e7a, mas todos eles podem ser prevenidos com seguros pessoais, para que voc\u00ea tenha a tranquilidade de viver a vida sem alguns problemas. Conte conosco para ajudar&hellip;&nbsp;Pra Voc\u00ea","og_url":"https:\/\/touaregsegurospb.com.br\/?page_id=879","og_site_name":"Touareg Seguros","article_modified_time":"2024-11-24T23:55:59+00:00","og_image":[{"width":502,"height":503,"url":"https:\/\/touaregsegurospb.com.br\/wp-content\/uploads\/2024\/09\/logo01-2.png","type":"image\/png"}],"twitter_card":"summary_large_image","twitter_misc":{"Est. tempo de leitura":"5 minutos"},"schema":{"@context":"https:\/\/schema.org","@graph":[{"@type":"WebPage","@id":"https:\/\/touaregsegurospb.com.br\/?page_id=879","url":"https:\/\/touaregsegurospb.com.br\/?page_id=879","name":"Pra Voc\u00ea - Touareg Seguros","isPartOf":{"@id":"https:\/\/touaregsegurospb.com.br\/#website"},"primaryImageOfPage":{"@id":"https:\/\/touaregsegurospb.com.br\/?page_id=879#primaryimage"},"image":{"@id":"https:\/\/touaregsegurospb.com.br\/?page_id=879#primaryimage"},"thumbnailUrl":"https:\/\/touaregsegurospb.com.br\/wp-content\/uploads\/2024\/09\/logo01-2.png","datePublished":"2024-09-08T01:49:36+00:00","dateModified":"2024-11-24T23:55:59+00:00","breadcrumb":{"@id":"https:\/\/touaregsegurospb.com.br\/?page_id=879#breadcrumb"},"inLanguage":"pt-BR","potentialAction":[{"@type":"ReadAction","target":["https:\/\/touaregsegurospb.com.br\/?page_id=879"]}]},{"@type":"ImageObject","inLanguage":"pt-BR","@id":"https:\/\/touaregsegurospb.com.br\/?page_id=879#primaryimage","url":"https:\/\/touaregsegurospb.com.br\/wp-content\/uploads\/2024\/09\/logo01-2.png","contentUrl":"https:\/\/touaregsegurospb.com.br\/wp-content\/uploads\/2024\/09\/logo01-2.png","width":502,"height":503},{"@type":"BreadcrumbList","@id":"https:\/\/touaregsegurospb.com.br\/?page_id=879#breadcrumb","itemListElement":[{"@type":"ListItem","position":1,"name":"Home","item":"https:\/\/touaregsegurospb.com.br\/"},{"@type":"ListItem","position":2,"name":"Pra Voc\u00ea"}]},{"@type":"WebSite","@id":"https:\/\/touaregsegurospb.com.br\/#website","url":"https:\/\/touaregsegurospb.com.br\/","name":"Touareg Seguros","description":"Aqui voc\u00ea estar\u00e1 seguro!","publisher":{"@id":"https:\/\/touaregsegurospb.com.br\/#organization"},"potentialAction":[{"@type":"SearchAction","target":{"@type":"EntryPoint","urlTemplate":"https:\/\/touaregsegurospb.com.br\/?s={search_term_string}"},"query-input":{"@type":"PropertyValueSpecification","valueRequired":true,"valueName":"search_term_string"}}],"inLanguage":"pt-BR"},{"@type":"Organization","@id":"https:\/\/touaregsegurospb.com.br\/#organization","name":"Touareg Seguros","url":"https:\/\/touaregsegurospb.com.br\/","logo":{"@type":"ImageObject","inLanguage":"pt-BR","@id":"https:\/\/touaregsegurospb.com.br\/#\/schema\/logo\/image\/","url":"https:\/\/touaregsegurospb.com.br\/wp-content\/uploads\/2024\/09\/Vetorizacao-Touareg-site-1-2.png","contentUrl":"https:\/\/touaregsegurospb.com.br\/wp-content\/uploads\/2024\/09\/Vetorizacao-Touareg-site-1-2.png","width":695,"height":181,"caption":"Touareg Seguros"},"image":{"@id":"https:\/\/touaregsegurospb.com.br\/#\/schema\/logo\/image\/"}}]}},"_links":{"self":[{"href":"https:\/\/touaregsegurospb.com.br\/index.php?rest_route=\/wp\/v2\/pages\/879","targetHints":{"allow":["GET"]}}],"collection":[{"href":"https:\/\/touaregsegurospb.com.br\/index.php?rest_route=\/wp\/v2\/pages"}],"about":[{"href":"https:\/\/touaregsegurospb.com.br\/index.php?rest_route=\/wp\/v2\/types\/page"}],"author":[{"embeddable":true,"href":"https:\/\/touaregsegurospb.com.br\/index.php?rest_route=\/wp\/v2\/users\/1"}],"replies":[{"embeddable":true,"href":"https:\/\/touaregsegurospb.com.br\/index.php?rest_route=%2Fwp%2Fv2%2Fcomments&post=879"}],"version-history":[{"count":37,"href":"https:\/\/touaregsegurospb.com.br\/index.php?rest_route=\/wp\/v2\/pages\/879\/revisions"}],"predecessor-version":[{"id":1209,"href":"https:\/\/touaregsegurospb.com.br\/index.php?rest_route=\/wp\/v2\/pages\/879\/revisions\/1209"}],"wp:attachment":[{"href":"https:\/\/touaregsegurospb.com.br\/index.php?rest_route=%2Fwp%2Fv2%2Fmedia&parent=879"}],"curies":[{"name":"wp","href":"https:\/\/api.w.org\/{rel}","templated":true}]}}